{"id":137,"date":"2018-09-08T08:31:46","date_gmt":"2018-09-08T08:31:46","guid":{"rendered":"http:\/\/www.crtprotransito.com.br\/?page_id=137"},"modified":"2025-11-12T00:04:21","modified_gmt":"2025-11-12T00:04:21","slug":"instrutor-de-transito","status":"publish","type":"page","link":"https:\/\/www.crtprotransito.com.br\/?page_id=137","title":{"rendered":"Projetos Vi\u00e1rios"},"content":{"rendered":"\t\t<div data-elementor-type=\"wp-post\" data-elementor-id=\"137\" class=\"elementor elementor-137\">\n\t\t\t\t\t\t<section class=\"elementor-section elementor-top-section elementor-element elementor-element-f005bd1 elementor-section-boxed elementor-section-height-default elementor-section-height-default\" data-id=\"f005bd1\" data-element_type=\"section\" data-e-type=\"section\">\n\t\t\t\t\t\t<div class=\"elementor-container elementor-column-gap-default\">\n\t\t\t\t\t<div class=\"elementor-column elementor-col-100 elementor-top-column elementor-element elementor-element-eed96d0\" data-id=\"eed96d0\" data-element_type=\"column\" data-e-type=\"column\">\n\t\t\t<div class=\"elementor-widget-wrap elementor-element-populated\">\n\t\t\t\t\t\t<div class=\"elementor-element elementor-element-1de2c2c elementor-widget elementor-widget-text-editor\" data-id=\"1de2c2c\" data-element_type=\"widget\" data-e-type=\"widget\" data-widget_type=\"text-editor.default\">\n\t\t\t\t<div class=\"elementor-widget-container\">\n\t\t\t\t\t\t\t\t\t<div style=\"font-family: 'Google Sans', Roboto, Arial, sans-serif; font-size: 16px; line-height: 24px; overflow-wrap: break-word; margin: 0px 0px 20px; color: #0a0a0a; text-align: center;\" data-sfc-cp=\"\" data-hveid=\"CAEQAA\" data-processed=\"true\"><strong>PROJETOS VI\u00c1RIOS<\/strong><\/div>\n<div style=\"font-family: 'Google Sans', Roboto, Arial, sans-serif; font-size: 16px; line-height: 24px; overflow-wrap: break-word; margin: 0px 0px 20px; color: #0a0a0a;\" data-sfc-cp=\"\" data-hveid=\"CAEQAA\" data-processed=\"true\">O projeto vi\u00e1rio \u00e9 o conjunto de estudos e planos de engenharia para a constru\u00e7\u00e3o, manuten\u00e7\u00e3o e opera\u00e7\u00e3o de uma rede de transporte, visando a&nbsp;<span style=\"font-weight: bolder;\">seguran\u00e7a, efici\u00eancia e conforto<\/span>&nbsp;na movimenta\u00e7\u00e3o de pessoas e mercadorias. Ele envolve a integra\u00e7\u00e3o de diversos elementos t\u00e9cnicos e considera\u00e7\u00f5es sobre o ambiente e o tr\u00e1fego.<\/div>\n<div style=\"color: #0a0a0a; font-family: 'Google Sans', Roboto, Arial, sans-serif; font-size: 20px; line-height: 28px; font-weight: 600; margin: 20px 0px 10px;\" role=\"heading\" aria-level=\"3\" data-animation-nesting=\"\" data-sfc-cp=\"\" data-processed=\"true\">Conceitos B\u00e1sicos<\/div>\n<ul style=\"margin: 10px 0px 20px; padding: 0px; font-family: 'Google Sans', Roboto, Arial, sans-serif; font-size: 16px; line-height: 24px; padding-inline-start: 16px; color: #0a0a0a;\" data-processed=\"true\">\n<li style=\"list-style-type: none;\">\n<ul style=\"margin: 10px 0px 20px; padding: 0px; font-family: 'Google Sans', Roboto, Arial, sans-serif; font-size: 16px; line-height: 24px; padding-inline-start: 16px; color: #0a0a0a;\" data-processed=\"true\">\n<li style=\"margin-top: 0px; margin-bottom: 12px; margin-left: 0px; padding: 0px; list-style: disc; padding-inline-start: 4px;\" data-hveid=\"CAMQAA\" data-processed=\"true\"><span style=\"overflow-wrap: break-word;\" data-sfc-cp=\"\" data-processed=\"true\"><span style=\"font-weight: bolder;\" data-processed=\"true\">Sistema Vi\u00e1rio:<\/span>&nbsp;Compreende todas as vias de circula\u00e7\u00e3o, como ruas, avenidas, estradas, rodovias, pontes e t\u00faneis, que permitem a movimenta\u00e7\u00e3o de ve\u00edculos e pedestres.<\/span><\/li>\n<li style=\"margin-top: 0px; margin-bottom: 12px; margin-left: 0px; padding: 0px; list-style: disc; padding-inline-start: 4px;\" data-hveid=\"CAMQAQ\" data-processed=\"true\"><span style=\"overflow-wrap: break-word;\" data-sfc-cp=\"\" data-processed=\"true\"><span style=\"font-weight: bolder;\" data-processed=\"true\">Hierarquia Vi\u00e1ria:<\/span>&nbsp;A classifica\u00e7\u00e3o funcional das vias (ex: arteriais, coletoras, locais) \u00e9 fundamental, pois define o padr\u00e3o t\u00e9cnico e a velocidade de projeto, o que, por sua vez, influencia o tra\u00e7ado e a capacidade.<\/span><\/li>\n<li style=\"margin-top: 0px; margin-bottom: 12px; margin-left: 0px; padding: 0px; list-style: disc; padding-inline-start: 4px;\" data-hveid=\"CAMQAg\" data-processed=\"true\"><span style=\"overflow-wrap: break-word;\" data-sfc-cp=\"\" data-processed=\"true\"><span style=\"font-weight: bolder;\" data-processed=\"true\">Velocidade de Projeto:<\/span>&nbsp;Principal par\u00e2metro utilizado no c\u00e1lculo dos elementos geom\u00e9tricos (curvas horizontais e verticais). Define o limite de velocidade legal e impacta diretamente a seguran\u00e7a e os custos de opera\u00e7\u00e3o.<\/span><\/li>\n<li style=\"margin-top: 0px; margin-bottom: 12px; margin-left: 0px; padding: 0px; list-style: disc; padding-inline-start: 4px;\" data-hveid=\"CAMQAw\" data-processed=\"true\"><span style=\"overflow-wrap: break-word;\" data-sfc-cp=\"\" data-processed=\"true\"><span style=\"font-weight: bolder;\" data-processed=\"true\">Volume de Tr\u00e1fego:<\/span>&nbsp;A quantidade de ve\u00edculos que se espera que utilizem a via (volume m\u00e9dio di\u00e1rio &#8211; VMD), projetada para um per\u00edodo futuro, \u00e9 crucial para dimensionar a capacidade e a largura das pistas<span data-processed=\"true\">.<\/span><\/span><\/li>\n<\/ul>\n<\/li>\n<\/ul>\n<p><span data-processed=\"true\"><span style=\"font-weight: bolder;\">Ve\u00edculo de Projeto:<\/span>&nbsp;As caracter\u00edsticas f\u00edsicas do tipo de ve\u00edculo predominante (carros de passeio, caminh\u00f5es, \u00f4nibus) influenciam o projeto, especialmente em curvas e interse\u00e7\u00f5es.<\/span><span data-processed=\"true\"><span style=\"font-weight: bolder;\">Uso e Ocupa\u00e7\u00e3o do Solo:<\/span>&nbsp;O planejamento vi\u00e1rio deve considerar o uso do solo no entorno, pois isso gera e atrai tr\u00e1fego, impactando a demanda pela via.<\/span><\/p>\n<div data-sfc-cp=\"\" data-processed=\"true\">&nbsp;<span style=\"color: #0a0a0a; font-family: 'Google Sans', Roboto, Arial, sans-serif; font-size: 20px; font-weight: 600;\">Elementos do Projeto<\/span><\/div>\n<div style=\"font-family: 'Google Sans', Roboto, Arial, sans-serif; font-size: 16px; line-height: 24px; overflow-wrap: break-word; margin: 10px 0px 20px; color: #0a0a0a;\" data-sfc-cp=\"\" data-hveid=\"CAUQAA\" data-processed=\"true\">O projeto vi\u00e1rio abrange diversas disciplinas da engenharia:<\/div>\n<ul style=\"margin: 10px 0px 20px; padding: 0px; font-family: 'Google Sans', Roboto, Arial, sans-serif; font-size: 16px; line-height: 24px; padding-inline-start: 16px;\" data-processed=\"true\">\n<li style=\"margin-top: 0px; margin-bottom: 12px; margin-left: 0px; padding: 0px; list-style: disc; padding-inline-start: 4px;\" data-hveid=\"CAcQAA\"><span style=\"overflow-wrap: break-word;\" data-sfc-cp=\"\"><span style=\"font-weight: bolder;\">Projeto Geom\u00e9trico:<\/span>&nbsp;Define o tra\u00e7ado da via em tr\u00eas dimens\u00f5es:<\/span><br><ul style=\"margin: 10px 0px 20px; padding: 0px; line-height: 24px; padding-inline-start: 16px;\">\n<li style=\"margin-top: 0px; margin-bottom: 16px; padding: 0px; list-style: circle; padding-inline-start: 0px;\" data-hveid=\"CAcQAQ\"><span style=\"overflow-wrap: break-word;\" data-sfc-cp=\"\"><span style=\"font-weight: bolder;\">Planta (Horizontal):<\/span>&nbsp;Determina o alinhamento horizontal, incluindo trechos retos e curvas circulares\/espirais, raios m\u00ednimos e \u00e2ngulos.<\/span><\/li>\n<li style=\"margin-top: 0px; margin-bottom: 16px; padding: 0px; list-style: circle; padding-inline-start: 0px;\" data-hveid=\"CAcQAg\"><span style=\"overflow-wrap: break-word;\" data-sfc-cp=\"\"><span style=\"font-weight: bolder;\">Perfil (Vertical):<\/span>&nbsp;Define as eleva\u00e7\u00f5es e inclina\u00e7\u00f5es (rampas e greides), utilizando curvas verticais para concord\u00e2ncia suave com o terreno.<\/span><\/li>\n<li style=\"margin-top: 0px; margin-bottom: 16px; padding: 0px; list-style: circle; padding-inline-start: 0px;\" data-hveid=\"CAcQAw\"><span style=\"overflow-wrap: break-word;\" data-sfc-cp=\"\"><span style=\"font-weight: bolder;\">Se\u00e7\u00e3o Transversal:<\/span>&nbsp;Especifica a largura das pistas, acostamentos, canteiros centrais, cal\u00e7adas, faixas de rolamento, ilhas e taludes (cortes e aterros).<\/span><\/li>\n<\/ul>\n<\/li>\n<li style=\"margin-top: 0px; margin-bottom: 12px; margin-left: 0px; padding: 0px; list-style: disc; padding-inline-start: 4px;\" data-hveid=\"CAcQBA\"><span style=\"overflow-wrap: break-word;\" data-sfc-cp=\"\"><span style=\"font-weight: bolder;\">Terraplenagem:<\/span>&nbsp;Obras de corte e aterro para nivelar o terreno e formar a base da estrada, minimizando a movimenta\u00e7\u00e3o de solo.<\/span><\/li>\n<li style=\"margin-top: 0px; margin-bottom: 12px; margin-left: 0px; padding: 0px; list-style: disc; padding-inline-start: 4px;\" data-hveid=\"CAcQBQ\"><span style=\"overflow-wrap: break-word;\" data-sfc-cp=\"\"><span style=\"font-weight: bolder;\">Drenagem:<\/span>&nbsp;Sistema essencial de canais, bueiros e dispositivos para escoamento adequado da \u00e1gua, garantindo a estabilidade da via e do pavimento.<\/span><\/li>\n<li style=\"margin-top: 0px; margin-bottom: 12px; margin-left: 0px; padding: 0px; list-style: disc; padding-inline-start: 4px;\" data-hveid=\"CAcQBg\"><span style=\"overflow-wrap: break-word;\" data-sfc-cp=\"\"><span style=\"font-weight: bolder;\">Pavimenta\u00e7\u00e3o:<\/span>&nbsp;Defini\u00e7\u00e3o dos materiais e espessuras das camadas que formar\u00e3o a superf\u00edcie de rolamento, garantindo durabilidade e conforto.<\/span><\/li>\n<li style=\"margin-top: 0px; margin-bottom: 12px; margin-left: 0px; padding: 0px; list-style: disc; padding-inline-start: 4px;\" data-hveid=\"CAcQBw\"><span style=\"overflow-wrap: break-word;\" data-sfc-cp=\"\"><span style=\"font-weight: bolder;\">Sinaliza\u00e7\u00e3o:<\/span>&nbsp;Instala\u00e7\u00e3o de placas, marcas no pavimento e outros elementos para orientar e garantir a seguran\u00e7a dos usu\u00e1rios.<\/span><\/li>\n<li style=\"margin-top: 0px; margin-bottom: 12px; margin-left: 0px; padding: 0px; list-style: disc; padding-inline-start: 4px;\" data-hveid=\"CAcQCA\"><span style=\"overflow-wrap: break-word;\" data-sfc-cp=\"\"><span style=\"font-weight: bolder;\">Obras de Arte Especiais:<\/span>&nbsp;Projeto de pontes, viadutos, t\u00faneis e outras estruturas complexas.<\/span><\/li>\n<\/ul>\n<div data-sfc-cp=\"\" data-processed=\"true\">&nbsp;<span style=\"color: #0a0a0a; font-family: 'Google Sans', Roboto, Arial, sans-serif; font-size: 20px; font-weight: 600;\">Objetivos:<\/span><br><span style=\"color: #0a0a0a; font-family: 'Google Sans', Roboto, Arial, sans-serif; font-size: 16px;\">Um projeto vi\u00e1rio eficiente busca um equil\u00edbrio entre a&nbsp;<\/span><span class=\"Yjhzub\" style=\"font-weight: bolder; color: #0a0a0a; font-family: 'Google Sans', Roboto, Arial, sans-serif; font-size: 16px;\">capacidade<\/span><span style=\"color: #0a0a0a; font-family: 'Google Sans', Roboto, Arial, sans-serif; font-size: 16px;\">&nbsp;(fluxo m\u00e1ximo de tr\u00e1fego),&nbsp;<\/span><span class=\"Yjhzub\" style=\"font-weight: bolder; color: #0a0a0a; font-family: 'Google Sans', Roboto, Arial, sans-serif; font-size: 16px;\">seguran\u00e7a<\/span><span style=\"color: #0a0a0a; font-family: 'Google Sans', Roboto, Arial, sans-serif; font-size: 16px;\">&nbsp;(minimizando acidentes),&nbsp;<\/span><span class=\"Yjhzub\" style=\"font-weight: bolder; color: #0a0a0a; font-family: 'Google Sans', Roboto, Arial, sans-serif; font-size: 16px;\">economia<\/span><span style=\"color: #0a0a0a; font-family: 'Google Sans', Roboto, Arial, sans-serif; font-size: 16px;\">&nbsp;(custos de constru\u00e7\u00e3o e opera\u00e7\u00e3o) e&nbsp;<\/span><span class=\"Yjhzub\" style=\"font-weight: bolder; color: #0a0a0a; font-family: 'Google Sans', Roboto, Arial, sans-serif; font-size: 16px;\">impactos sociais e ambientais<\/span><span style=\"color: #0a0a0a; font-family: 'Google Sans', Roboto, Arial, sans-serif; font-size: 16px;\">.<\/span><span class=\"uJ19be notranslate\" style=\"color: #0a0a0a; font-family: 'Google Sans', Roboto, Arial, sans-serif; font-size: 16px;\" data-wiz-uids=\"o14pIc_3s,o14pIc_3t\"><span class=\"vKEkVd\" style=\"text-wrap-mode: nowrap; position: relative;\" data-animation-atomic=\"\">&nbsp;<\/span><\/span><\/div>\t\t\t\t\t\t\t\t<\/div>\n\t\t\t\t<\/div>\n\t\t\t\t\t<\/div>\n\t\t<\/div>\n\t\t\t\t\t<\/div>\n\t\t<\/section>\n\t\t\t\t<section class=\"elementor-section elementor-top-section elementor-element elementor-element-4ec5abc elementor-section-boxed elementor-section-height-default elementor-section-height-default\" data-id=\"4ec5abc\" data-element_type=\"section\" data-e-type=\"section\">\n\t\t\t\t\t\t<div class=\"elementor-container elementor-column-gap-default\">\n\t\t\t\t\t<div class=\"elementor-column elementor-col-100 elementor-top-column elementor-element elementor-element-b1d3584\" data-id=\"b1d3584\" data-element_type=\"column\" data-e-type=\"column\">\n\t\t\t<div class=\"elementor-widget-wrap elementor-element-populated\">\n\t\t\t\t\t\t<div class=\"elementor-element elementor-element-9bc01c7 elementor-widget elementor-widget-image\" data-id=\"9bc01c7\" data-element_type=\"widget\" data-e-type=\"widget\" data-widget_type=\"image.default\">\n\t\t\t\t<div class=\"elementor-widget-container\">\n\t\t\t\t\t\t\t\t\t\t\t\t\t\t\t\t<a href=\"https:\/\/www.crtprotransito.com.br\/?page_id=204\" target=\"_blank\">\n\t\t\t\t\t\t\t<img fetchpriority=\"high\" decoding=\"async\" width=\"690\" height=\"163\" src=\"https:\/\/www.crtprotransito.com.br\/wp-content\/uploads\/2018\/09\/fale-conosco.png\" class=\"attachment-large size-large wp-image-197\" alt=\"\" srcset=\"https:\/\/www.crtprotransito.com.br\/wp-content\/uploads\/2018\/09\/fale-conosco.png 690w, https:\/\/www.crtprotransito.com.br\/wp-content\/uploads\/2018\/09\/fale-conosco-300x71.png 300w\" sizes=\"(max-width: 690px) 100vw, 690px\" \/>\t\t\t\t\t\t\t\t<\/a>\n\t\t\t\t\t\t\t\t\t\t\t\t\t\t\t<\/div>\n\t\t\t\t<\/div>\n\t\t\t\t\t<\/div>\n\t\t<\/div>\n\t\t\t\t\t<\/div>\n\t\t<\/section>\n\t\t\t\t<\/div>\n\t\t","protected":false},"excerpt":{"rendered":"<p>PROJETOS VI\u00c1RIOS O projeto vi\u00e1rio \u00e9 o conjunto de estudos e planos de engenharia para a constru\u00e7\u00e3o, manuten\u00e7\u00e3o e opera\u00e7\u00e3o de uma rede de transporte, visando a&nbsp;seguran\u00e7a, efici\u00eancia e conforto&nbsp;na &#8230;<\/p>\n","protected":false},"author":1,"featured_media":0,"parent":0,"menu_order":0,"comment_status":"closed","ping_status":"closed","template":"","meta":{"_joinchat":[],"footnotes":""},"class_list":["post-137","page","type-page","status-publish","hentry"],"_links":{"self":[{"href":"https:\/\/www.crtprotransito.com.br\/index.php?rest_route=\/wp\/v2\/pages\/137","targetHints":{"allow":["GET"]}}],"collection":[{"href":"https:\/\/www.crtprotransito.com.br\/index.php?rest_route=\/wp\/v2\/pages"}],"about":[{"href":"https:\/\/www.crtprotransito.com.br\/index.php?rest_route=\/wp\/v2\/types\/page"}],"author":[{"embeddable":true,"href":"https:\/\/www.crtprotransito.com.br\/index.php?rest_route=\/wp\/v2\/users\/1"}],"replies":[{"embeddable":true,"href":"https:\/\/www.crtprotransito.com.br\/index.php?rest_route=%2Fwp%2Fv2%2Fcomments&post=137"}],"version-history":[{"count":14,"href":"https:\/\/www.crtprotransito.com.br\/index.php?rest_route=\/wp\/v2\/pages\/137\/revisions"}],"predecessor-version":[{"id":1283,"href":"https:\/\/www.crtprotransito.com.br\/index.php?rest_route=\/wp\/v2\/pages\/137\/revisions\/1283"}],"wp:attachment":[{"href":"https:\/\/www.crtprotransito.com.br\/index.php?rest_route=%2Fwp%2Fv2%2Fmedia&parent=137"}],"curies":[{"name":"wp","href":"https:\/\/api.w.org\/{rel}","templated":true}]}}