{"id":158,"date":"2018-09-08T09:32:43","date_gmt":"2018-09-08T09:32:43","guid":{"rendered":"http:\/\/www.crtprotransito.com.br\/?page_id=158"},"modified":"2025-11-12T00:02:14","modified_gmt":"2025-11-12T00:02:14","slug":"diretor-de-ensino","status":"publish","type":"page","link":"https:\/\/www.crtprotransito.com.br\/?page_id=158","title":{"rendered":"Municipaliza\u00e7\u00e3o"},"content":{"rendered":"\t\t<div data-elementor-type=\"wp-post\" data-elementor-id=\"158\" class=\"elementor elementor-158\">\n\t\t\t\t\t\t<section class=\"elementor-section elementor-top-section elementor-element elementor-element-fe81b75 elementor-section-boxed elementor-section-height-default elementor-section-height-default\" data-id=\"fe81b75\" data-element_type=\"section\" data-e-type=\"section\">\n\t\t\t\t\t\t<div class=\"elementor-container elementor-column-gap-default\">\n\t\t\t\t\t<div class=\"elementor-column elementor-col-100 elementor-top-column elementor-element elementor-element-3717081\" data-id=\"3717081\" data-element_type=\"column\" data-e-type=\"column\">\n\t\t\t<div class=\"elementor-widget-wrap elementor-element-populated\">\n\t\t\t\t\t\t<div class=\"elementor-element elementor-element-b0beab0 elementor-widget elementor-widget-text-editor\" data-id=\"b0beab0\" data-element_type=\"widget\" data-e-type=\"widget\" data-widget_type=\"text-editor.default\">\n\t\t\t\t<div class=\"elementor-widget-container\">\n\t\t\t\t\t\t\t\t\t<div style=\"font-family: 'Google Sans', Roboto, Arial, sans-serif; font-size: 16px; line-height: 24px; overflow-wrap: break-word; margin: 0px 0px 20px; color: #0a0a0a; text-align: center;\" data-sfc-cp=\"\" data-hveid=\"CAEQAA\" data-processed=\"true\">\u00a0<\/div><div style=\"font-family: 'Google Sans', Roboto, Arial, sans-serif; font-size: 16px; line-height: 24px; overflow-wrap: break-word; margin: 0px 0px 20px; color: #0a0a0a; text-align: center;\" data-sfc-cp=\"\" data-hveid=\"CAEQAA\" data-processed=\"true\">\u00a0<strong>MUNICIPALIZA\u00c7\u00c3O DO TR\u00c2NSITO<\/strong><\/div><div style=\"font-family: 'Google Sans', Roboto, Arial, sans-serif; font-size: 16px; line-height: 24px; overflow-wrap: break-word; margin: 0px 0px 20px; color: #0a0a0a;\" data-sfc-cp=\"\" data-hveid=\"CAEQAA\" data-processed=\"true\">A municipaliza\u00e7\u00e3o do tr\u00e2nsito\u00a0<mark style=\"color: #001d35; border-radius: 4px; background: none 0% 0% \/ auto repeat scroll padding-box border-box #d3e3fd; padding: 0px 2px;\"><span style=\"font-weight: bolder;\">\u00e9 obrigat\u00f3ria<\/span>\u00a0para que os munic\u00edpios se integrem ao\u00a0<a style=\"color: unset; text-decoration: underline 8% dotted #5e5e5e; -webkit-tap-highlight-color: rgba(0, 0, 0, 0.1); text-underline-offset: 10%; outline-style: initial; outline-width: 0px;\" href=\"https:\/\/www.google.com\/search?q=Sistema+Nacional+de+Tr%C3%A2nsito+%28SNT%29&amp;rlz=1C1GCEA_enBR1044BR1044&amp;oq=mnicipaliza%C3%A7%C3%A3o+do+Tr%C3%A2nsito+obrigatoriedade&amp;gs_lcrp=EgZjaHJvbWUyBggAEEUYOTIJCAEQIRgKGKABMgkIAhAhGAoYoAEyCQgDECEYChigAdIBCTEyMTc1ajBqN6gCALACAA&amp;sourceid=chrome&amp;ie=UTF-8&amp;mstk=AUtExfC9VmJTL_WdU03k24aiTWEynKytknIQAT_X-Vkiu5H4tDfJO7UJCtAH-bhCFPW8ijUji_IbutDtSWp0Z1KNQ4bmz-tzJTlgvOsuZefDyIyy0o50gtibHidjp-0OKAfBocJ9NlMFWkD9zxeBlzwtGwKbLHy9UAiJBAhWqyDUiBOyreA&amp;csui=3&amp;ved=2ahUKEwjr4IqHj-uQAxWsrJUCHYuGCw0QgK4QegQIARAC\" data-wiz-uids=\"nGtqk_c\" data-ved=\"2ahUKEwjr4IqHj-uQAxWsrJUCHYuGCw0QgK4QegQIARAC\" data-hveid=\"CAEQAg\">Sistema Nacional de Tr\u00e2nsito (SNT)<\/a><\/mark>, conforme previsto no C\u00f3digo de Tr\u00e2nsito Brasileiro (CTB) e na Constitui\u00e7\u00e3o Federal. A integra\u00e7\u00e3o \u00e9 um dever legal para garantir seguran\u00e7a, fluidez e educa\u00e7\u00e3o no tr\u00e2nsito dentro do munic\u00edpio, incluindo a fiscaliza\u00e7\u00e3o e aplica\u00e7\u00e3o de multas nas vias municipais.\u00a0<\/div><div style=\"color: #0a0a0a; font-family: 'Google Sans', Roboto, Arial, sans-serif; font-size: 20px; line-height: 28px; font-weight: 600; margin: 20px 0px 10px;\" role=\"heading\" aria-level=\"3\" data-animation-nesting=\"\" data-sfc-cp=\"\" data-processed=\"true\">O que a municipaliza\u00e7\u00e3o envolve:\u00a0<\/div><ul style=\"margin: 10px 0px 20px; padding: 0px; font-family: 'Google Sans', Roboto, Arial, sans-serif; font-size: 16px; line-height: 24px; padding-inline-start: 16px; color: #0a0a0a;\" data-processed=\"true\"><li style=\"margin-top: 0px; margin-bottom: 12px; margin-left: 0px; padding: 0px; list-style: disc; padding-inline-start: 4px;\" data-hveid=\"CAMQAA\" data-processed=\"true\"><span style=\"overflow-wrap: break-word;\" data-sfc-cp=\"\" data-processed=\"true\"><span style=\"font-weight: bolder;\" data-processed=\"true\">Cria\u00e7\u00e3o de \u00f3rg\u00e3os e estrutura:<\/span>\u00a0\u00c9 preciso criar um \u00f3rg\u00e3o de tr\u00e2nsito municipal, uma Junta Administrativa de Recursos de Infra\u00e7\u00f5es (JARI) e uma autoridade de tr\u00e2nsito para a gest\u00e3o do sistema.<\/span><\/li><li style=\"margin-top: 0px; margin-bottom: 12px; margin-left: 0px; padding: 0px; list-style: disc; padding-inline-start: 4px;\" data-hveid=\"CAMQAQ\" data-processed=\"true\"><span style=\"overflow-wrap: break-word;\" data-sfc-cp=\"\" data-processed=\"true\"><span style=\"font-weight: bolder;\" data-processed=\"true\">Elabora\u00e7\u00e3o de planos:<\/span>\u00a0Os munic\u00edpios devem planejar, operar e fiscalizar o tr\u00e2nsito, implantar sinaliza\u00e7\u00e3o, e coletar dados estat\u00edsticos sobre acidentes.<\/span><\/li><li style=\"margin-top: 0px; margin-bottom: 12px; margin-left: 0px; padding: 0px; list-style: disc; padding-inline-start: 4px;\" data-hveid=\"CAMQAg\" data-processed=\"true\"><span style=\"overflow-wrap: break-word;\" data-sfc-cp=\"\" data-processed=\"true\"><span style=\"font-weight: bolder;\" data-processed=\"true\">A\u00e7\u00f5es de seguran\u00e7a e educa\u00e7\u00e3o:<\/span>\u00a0Implementar programas de educa\u00e7\u00e3o e seguran\u00e7a no tr\u00e2nsito, seguindo as diretrizes do Contran.<\/span><\/li><li style=\"margin-top: 0px; margin-bottom: 12px; margin-left: 0px; padding: 0px; list-style: disc; padding-inline-start: 4px;\" data-hveid=\"CAMQAw\" data-processed=\"true\"><span style=\"overflow-wrap: break-word;\" data-sfc-cp=\"\" data-processed=\"true\"><span style=\"font-weight: bolder;\" data-processed=\"true\">Atua\u00e7\u00e3o nos recursos:<\/span>\u00a0Arrecadar multas e aplic\u00e1-las para financiar melhorias na sinaliza\u00e7\u00e3o, engenharia de tr\u00e1fego e educa\u00e7\u00e3o.\u00a0<\/span><\/li><\/ul><div data-sfc-cp=\"\" data-processed=\"true\">\u00a0<\/div><div style=\"color: #0a0a0a; font-family: 'Google Sans', Roboto, Arial, sans-serif; font-size: 20px; line-height: 28px; font-weight: 600; margin: 20px 0px 10px;\" role=\"heading\" aria-level=\"3\" data-animation-nesting=\"\" data-sfc-cp=\"\" data-processed=\"true\">Benef\u00edcios da municipaliza\u00e7\u00e3o:\u00a0<\/div><ul style=\"margin: 10px 0px 20px; padding: 0px; font-family: 'Google Sans', Roboto, Arial, sans-serif; font-size: 16px; line-height: 24px; padding-inline-start: 16px;\" data-processed=\"true\"><li style=\"margin: 0px 0px 12px; padding: 0px; list-style: disc; padding-inline-start: 4px;\" data-hveid=\"CAcQAA\"><span style=\"overflow-wrap: break-word;\" data-sfc-cp=\"\"><strong style=\"font-weight: bolder;\">Maior efici\u00eancia:<\/strong>\u00a0Permite a\u00e7\u00f5es mais efetivas e adequadas \u00e0 realidade local, com foco na seguran\u00e7a vi\u00e1ria e na redu\u00e7\u00e3o de acidentes.<\/span><\/li><li style=\"margin: 0px 0px 12px; padding: 0px; list-style: disc; padding-inline-start: 4px;\" data-hveid=\"CAcQAQ\"><span style=\"overflow-wrap: break-word;\" data-sfc-cp=\"\"><strong style=\"font-weight: bolder;\">Direito constitucional:<\/strong>\u00a0Garante o direito de todos \u00e0 seguran\u00e7a, liberdade e ao tr\u00e2nsito em condi\u00e7\u00f5es seguras.<\/span><\/li><li style=\"margin: 0px 0px 12px; padding: 0px; list-style: disc; padding-inline-start: 4px;\" data-hveid=\"CAcQAg\"><span style=\"overflow-wrap: break-word;\" data-sfc-cp=\"\"><strong style=\"font-weight: bolder;\">Potencial de receita:<\/strong>\u00a0Os conv\u00eanios, os cons\u00f3rcios, as concess\u00f5es e a arrecada\u00e7\u00e3o de multas pode ser aplicada exclusivamente em melhorias para o tr\u00e2nsito local.<\/span><span data-wiz-uids=\"nGtqk_4f,nGtqk_4g\"><span style=\"white-space: nowrap; position: relative;\" data-animation-atomic=\"\">\u00a0<\/span><\/span><\/li><\/ul>\t\t\t\t\t\t\t\t<\/div>\n\t\t\t\t<\/div>\n\t\t\t\t\t<\/div>\n\t\t<\/div>\n\t\t\t\t\t<\/div>\n\t\t<\/section>\n\t\t\t\t<section class=\"elementor-section elementor-top-section elementor-element elementor-element-2e49593 elementor-section-boxed elementor-section-height-default elementor-section-height-default\" data-id=\"2e49593\" data-element_type=\"section\" data-e-type=\"section\">\n\t\t\t\t\t\t<div class=\"elementor-container elementor-column-gap-default\">\n\t\t\t\t\t<div class=\"elementor-column elementor-col-100 elementor-top-column elementor-element elementor-element-0a99550\" data-id=\"0a99550\" data-element_type=\"column\" data-e-type=\"column\">\n\t\t\t<div class=\"elementor-widget-wrap elementor-element-populated\">\n\t\t\t\t\t\t<div class=\"elementor-element elementor-element-b862894 elementor-widget elementor-widget-image\" data-id=\"b862894\" data-element_type=\"widget\" data-e-type=\"widget\" data-widget_type=\"image.default\">\n\t\t\t\t<div class=\"elementor-widget-container\">\n\t\t\t\t\t\t\t\t\t\t\t\t\t\t\t\t<a href=\"https:\/\/www.crtprotransito.com.br\/?page_id=204\" target=\"_blank\">\n\t\t\t\t\t\t\t<img fetchpriority=\"high\" decoding=\"async\" width=\"690\" height=\"163\" src=\"https:\/\/www.crtprotransito.com.br\/wp-content\/uploads\/2018\/09\/fale-conosco.png\" class=\"attachment-large size-large wp-image-197\" alt=\"\" srcset=\"https:\/\/www.crtprotransito.com.br\/wp-content\/uploads\/2018\/09\/fale-conosco.png 690w, https:\/\/www.crtprotransito.com.br\/wp-content\/uploads\/2018\/09\/fale-conosco-300x71.png 300w\" sizes=\"(max-width: 690px) 100vw, 690px\" \/>\t\t\t\t\t\t\t\t<\/a>\n\t\t\t\t\t\t\t\t\t\t\t\t\t\t\t<\/div>\n\t\t\t\t<\/div>\n\t\t\t\t\t<\/div>\n\t\t<\/div>\n\t\t\t\t\t<\/div>\n\t\t<\/section>\n\t\t\t\t<\/div>\n\t\t","protected":false},"excerpt":{"rendered":"<p>\u00a0\u00a0MUNICIPALIZA\u00c7\u00c3O DO TR\u00c2NSITOA municipaliza\u00e7\u00e3o do tr\u00e2nsito\u00a0\u00e9 obrigat\u00f3ria\u00a0para que os munic\u00edpios se integrem ao\u00a0Sistema Nacional de Tr\u00e2nsito (SNT), conforme previsto no C\u00f3digo de Tr\u00e2nsito Brasileiro (CTB) e na Constitui\u00e7\u00e3o Federal. A &#8230;<\/p>\n","protected":false},"author":1,"featured_media":0,"parent":0,"menu_order":0,"comment_status":"closed","ping_status":"closed","template":"","meta":{"_joinchat":[],"footnotes":""},"class_list":["post-158","page","type-page","status-publish","hentry"],"_links":{"self":[{"href":"https:\/\/www.crtprotransito.com.br\/index.php?rest_route=\/wp\/v2\/pages\/158","targetHints":{"allow":["GET"]}}],"collection":[{"href":"https:\/\/www.crtprotransito.com.br\/index.php?rest_route=\/wp\/v2\/pages"}],"about":[{"href":"https:\/\/www.crtprotransito.com.br\/index.php?rest_route=\/wp\/v2\/types\/page"}],"author":[{"embeddable":true,"href":"https:\/\/www.crtprotransito.com.br\/index.php?rest_route=\/wp\/v2\/users\/1"}],"replies":[{"embeddable":true,"href":"https:\/\/www.crtprotransito.com.br\/index.php?rest_route=%2Fwp%2Fv2%2Fcomments&post=158"}],"version-history":[{"count":20,"href":"https:\/\/www.crtprotransito.com.br\/index.php?rest_route=\/wp\/v2\/pages\/158\/revisions"}],"predecessor-version":[{"id":1277,"href":"https:\/\/www.crtprotransito.com.br\/index.php?rest_route=\/wp\/v2\/pages\/158\/revisions\/1277"}],"wp:attachment":[{"href":"https:\/\/www.crtprotransito.com.br\/index.php?rest_route=%2Fwp%2Fv2%2Fmedia&parent=158"}],"curies":[{"name":"wp","href":"https:\/\/api.w.org\/{rel}","templated":true}]}}