{"id":2,"date":"2018-09-08T00:00:00","date_gmt":"2018-09-08T00:00:00","guid":{"rendered":"http:\/\/www.crtprotransito.com.br\/?page_id=2"},"modified":"2025-11-11T22:03:25","modified_gmt":"2025-11-11T22:03:25","slug":"sample-page","status":"publish","type":"page","link":"https:\/\/www.crtprotransito.com.br\/","title":{"rendered":"Frontpage"},"content":{"rendered":"\t\t<div data-elementor-type=\"wp-post\" data-elementor-id=\"2\" class=\"elementor elementor-2\">\n\t\t\t\t\t\t<section class=\"elementor-section elementor-top-section elementor-element elementor-element-95484c5 elementor-section-boxed elementor-section-height-default elementor-section-height-default\" data-id=\"95484c5\" data-element_type=\"section\" data-e-type=\"section\">\n\t\t\t\t\t\t<div class=\"elementor-container elementor-column-gap-default\">\n\t\t\t\t\t<div class=\"elementor-column elementor-col-50 elementor-top-column elementor-element elementor-element-15aa7ae\" data-id=\"15aa7ae\" data-element_type=\"column\" data-e-type=\"column\">\n\t\t\t<div class=\"elementor-widget-wrap elementor-element-populated\">\n\t\t\t\t\t\t<div class=\"elementor-element elementor-element-3fc7ec7 elementor-widget elementor-widget-image\" data-id=\"3fc7ec7\" data-element_type=\"widget\" data-e-type=\"widget\" data-widget_type=\"image.default\">\n\t\t\t\t<div class=\"elementor-widget-container\">\n\t\t\t\t\t\t\t\t\t\t\t\t<figure class=\"wp-caption\">\n\t\t\t\t\t\t\t\t\t\t\t<a href=\"http:\/\/www.crtprotransito.com.br\/?page_id=190\">\n\t\t\t\t\t\t\t<img fetchpriority=\"high\" decoding=\"async\" width=\"800\" height=\"423\" src=\"https:\/\/www.crtprotransito.com.br\/wp-content\/uploads\/2018\/09\/Novo-Site-1024x542.png\" class=\"attachment-large size-large wp-image-59\" alt=\"\" srcset=\"https:\/\/www.crtprotransito.com.br\/wp-content\/uploads\/2018\/09\/Novo-Site-1024x542.png 1024w, https:\/\/www.crtprotransito.com.br\/wp-content\/uploads\/2018\/09\/Novo-Site-300x159.png 300w, https:\/\/www.crtprotransito.com.br\/wp-content\/uploads\/2018\/09\/Novo-Site-768x407.png 768w, https:\/\/www.crtprotransito.com.br\/wp-content\/uploads\/2018\/09\/Novo-Site.png 1563w\" sizes=\"(max-width: 800px) 100vw, 800px\" \/>\t\t\t\t\t\t\t\t<\/a>\n\t\t\t\t\t\t\t\t\t\t\t<figcaption class=\"widget-image-caption wp-caption-text\">QUEM SOMOS<\/figcaption>\n\t\t\t\t\t\t\t\t\t\t<\/figure>\n\t\t\t\t\t\t\t\t\t<\/div>\n\t\t\t\t<\/div>\n\t\t\t\t\t<\/div>\n\t\t<\/div>\n\t\t\t\t<div class=\"elementor-column elementor-col-50 elementor-top-column elementor-element elementor-element-99b1152\" data-id=\"99b1152\" data-element_type=\"column\" data-e-type=\"column\">\n\t\t\t<div class=\"elementor-widget-wrap elementor-element-populated\">\n\t\t\t\t\t\t<div class=\"elementor-element elementor-element-5758a56 elementor-widget elementor-widget-image\" data-id=\"5758a56\" data-element_type=\"widget\" data-e-type=\"widget\" data-widget_type=\"image.default\">\n\t\t\t\t<div class=\"elementor-widget-container\">\n\t\t\t\t\t\t\t\t\t\t\t\t\t\t\t\t<a href=\"http:\/\/www.crtprotransito.com.br\/?page_id=119\" target=\"_blank\">\n\t\t\t\t\t\t\t<img decoding=\"async\" width=\"800\" height=\"520\" src=\"https:\/\/www.crtprotransito.com.br\/wp-content\/uploads\/2025\/11\/Assessoria-e-Planejamento-para-MUNICIPIOS.png\" class=\"attachment-large size-large wp-image-1192\" alt=\"\" srcset=\"https:\/\/www.crtprotransito.com.br\/wp-content\/uploads\/2025\/11\/Assessoria-e-Planejamento-para-MUNICIPIOS.png 1000w, https:\/\/www.crtprotransito.com.br\/wp-content\/uploads\/2025\/11\/Assessoria-e-Planejamento-para-MUNICIPIOS-300x195.png 300w, https:\/\/www.crtprotransito.com.br\/wp-content\/uploads\/2025\/11\/Assessoria-e-Planejamento-para-MUNICIPIOS-768x499.png 768w\" sizes=\"(max-width: 800px) 100vw, 800px\" \/>\t\t\t\t\t\t\t\t<\/a>\n\t\t\t\t\t\t\t\t\t\t\t\t\t\t\t<\/div>\n\t\t\t\t<\/div>\n\t\t\t\t\t<\/div>\n\t\t<\/div>\n\t\t\t\t\t<\/div>\n\t\t<\/section>\n\t\t\t\t<section class=\"elementor-section elementor-top-section elementor-element elementor-element-e5ea3ac elementor-section-boxed elementor-section-height-default elementor-section-height-default\" data-id=\"e5ea3ac\" data-element_type=\"section\" data-e-type=\"section\">\n\t\t\t\t\t\t<div class=\"elementor-container elementor-column-gap-default\">\n\t\t\t\t\t<div class=\"elementor-column elementor-col-50 elementor-top-column elementor-element elementor-element-8289fab\" data-id=\"8289fab\" data-element_type=\"column\" data-e-type=\"column\">\n\t\t\t<div class=\"elementor-widget-wrap elementor-element-populated\">\n\t\t\t\t\t\t<div class=\"elementor-element elementor-element-a5226e3 elementor-widget elementor-widget-image\" data-id=\"a5226e3\" data-element_type=\"widget\" data-e-type=\"widget\" data-widget_type=\"image.default\">\n\t\t\t\t<div class=\"elementor-widget-container\">\n\t\t\t\t\t\t\t\t\t\t\t\t\t\t\t\t<a href=\"http:\/\/www.crtprotransito.com.br\/?page_id=605\" target=\"_blank\">\n\t\t\t\t\t\t\t<img decoding=\"async\" width=\"800\" height=\"506\" src=\"https:\/\/www.crtprotransito.com.br\/wp-content\/uploads\/2024\/10\/1.png\" class=\"attachment-large size-large wp-image-1136\" alt=\"\" srcset=\"https:\/\/www.crtprotransito.com.br\/wp-content\/uploads\/2024\/10\/1.png 1011w, https:\/\/www.crtprotransito.com.br\/wp-content\/uploads\/2024\/10\/1-300x190.png 300w, https:\/\/www.crtprotransito.com.br\/wp-content\/uploads\/2024\/10\/1-768x485.png 768w\" sizes=\"(max-width: 800px) 100vw, 800px\" \/>\t\t\t\t\t\t\t\t<\/a>\n\t\t\t\t\t\t\t\t\t\t\t\t\t\t\t<\/div>\n\t\t\t\t<\/div>\n\t\t\t\t\t<\/div>\n\t\t<\/div>\n\t\t\t\t<div class=\"elementor-column elementor-col-50 elementor-top-column elementor-element elementor-element-01c0854\" data-id=\"01c0854\" data-element_type=\"column\" data-e-type=\"column\">\n\t\t\t<div class=\"elementor-widget-wrap elementor-element-populated\">\n\t\t\t\t\t\t<div class=\"elementor-element elementor-element-2f98d42 elementor-widget elementor-widget-image\" data-id=\"2f98d42\" data-element_type=\"widget\" data-e-type=\"widget\" data-widget_type=\"image.default\">\n\t\t\t\t<div class=\"elementor-widget-container\">\n\t\t\t\t\t\t\t\t\t\t\t\t\t\t\t\t<a href=\"https:\/\/eja.aprendiz.edu.br\/\" target=\"_blank\">\n\t\t\t\t\t\t\t<img loading=\"lazy\" decoding=\"async\" width=\"800\" height=\"487\" src=\"https:\/\/www.crtprotransito.com.br\/wp-content\/uploads\/2020\/04\/Eja-site-1024x623.jpg\" class=\"attachment-large size-large wp-image-541\" alt=\"\" srcset=\"https:\/\/www.crtprotransito.com.br\/wp-content\/uploads\/2020\/04\/Eja-site-1024x623.jpg 1024w, https:\/\/www.crtprotransito.com.br\/wp-content\/uploads\/2020\/04\/Eja-site-300x182.jpg 300w, https:\/\/www.crtprotransito.com.br\/wp-content\/uploads\/2020\/04\/Eja-site-768x467.jpg 768w, https:\/\/www.crtprotransito.com.br\/wp-content\/uploads\/2020\/04\/Eja-site-1536x934.jpg 1536w, https:\/\/www.crtprotransito.com.br\/wp-content\/uploads\/2020\/04\/Eja-site.jpg 1666w\" sizes=\"(max-width: 800px) 100vw, 800px\" \/>\t\t\t\t\t\t\t\t<\/a>\n\t\t\t\t\t\t\t\t\t\t\t\t\t\t\t<\/div>\n\t\t\t\t<\/div>\n\t\t\t\t\t<\/div>\n\t\t<\/div>\n\t\t\t\t\t<\/div>\n\t\t<\/section>\n\t\t\t\t<section class=\"elementor-section elementor-top-section elementor-element elementor-element-3297336 elementor-section-boxed elementor-section-height-default elementor-section-height-default\" data-id=\"3297336\" data-element_type=\"section\" data-e-type=\"section\">\n\t\t\t\t\t\t<div class=\"elementor-container elementor-column-gap-default\">\n\t\t\t\t\t<div class=\"elementor-column elementor-col-100 elementor-top-column elementor-element elementor-element-47aec92\" data-id=\"47aec92\" data-element_type=\"column\" data-e-type=\"column\">\n\t\t\t<div class=\"elementor-widget-wrap elementor-element-populated\">\n\t\t\t\t\t\t<div class=\"elementor-element elementor-element-81641a5 elementor-widget elementor-widget-image\" data-id=\"81641a5\" data-element_type=\"widget\" data-e-type=\"widget\" data-widget_type=\"image.default\">\n\t\t\t\t<div class=\"elementor-widget-container\">\n\t\t\t\t\t\t\t\t\t\t\t\t\t\t\t\t<a href=\"http:\/\/www.crtprotransito.com.br\/?page_id=922\" target=\"_blank\">\n\t\t\t\t\t\t\t<img loading=\"lazy\" decoding=\"async\" width=\"297\" height=\"169\" src=\"https:\/\/www.crtprotransito.com.br\/wp-content\/uploads\/2022\/01\/matricule.jpg\" class=\"attachment-medium_large size-medium_large wp-image-959\" alt=\"\" \/>\t\t\t\t\t\t\t\t<\/a>\n\t\t\t\t\t\t\t\t\t\t\t\t\t\t\t<\/div>\n\t\t\t\t<\/div>\n\t\t\t\t\t<\/div>\n\t\t<\/div>\n\t\t\t\t\t<\/div>\n\t\t<\/section>\n\t\t\t\t<section class=\"elementor-section elementor-top-section elementor-element elementor-element-19c23ea elementor-section-boxed elementor-section-height-default elementor-section-height-default\" data-id=\"19c23ea\" data-element_type=\"section\" data-e-type=\"section\">\n\t\t\t\t\t\t<div class=\"elementor-container elementor-column-gap-default\">\n\t\t\t\t\t<div class=\"elementor-column elementor-col-25 elementor-top-column elementor-element elementor-element-18e42e0\" data-id=\"18e42e0\" data-element_type=\"column\" data-e-type=\"column\">\n\t\t\t<div class=\"elementor-widget-wrap elementor-element-populated\">\n\t\t\t\t\t\t<div class=\"elementor-element elementor-element-5f90921 elementor-widget elementor-widget-image\" data-id=\"5f90921\" data-element_type=\"widget\" data-e-type=\"widget\" data-widget_type=\"image.default\">\n\t\t\t\t<div class=\"elementor-widget-container\">\n\t\t\t\t\t\t\t\t\t\t\t\t\t\t\t\t<a href=\"https:\/\/transito.mg.gov.br\/\" target=\"_blank\">\n\t\t\t\t\t\t\t<img loading=\"lazy\" decoding=\"async\" width=\"200\" height=\"252\" src=\"https:\/\/www.crtprotransito.com.br\/wp-content\/uploads\/2025\/11\/pnatrans.jpg\" class=\"attachment-1536x1536 size-1536x1536 wp-image-1188\" alt=\"\" \/>\t\t\t\t\t\t\t\t<\/a>\n\t\t\t\t\t\t\t\t\t\t\t\t\t\t\t<\/div>\n\t\t\t\t<\/div>\n\t\t\t\t\t<\/div>\n\t\t<\/div>\n\t\t\t\t<div class=\"elementor-column elementor-col-25 elementor-top-column elementor-element elementor-element-fca856d\" data-id=\"fca856d\" data-element_type=\"column\" data-e-type=\"column\">\n\t\t\t<div class=\"elementor-widget-wrap elementor-element-populated\">\n\t\t\t\t\t\t<div class=\"elementor-element elementor-element-62bf12f elementor-widget elementor-widget-image\" data-id=\"62bf12f\" data-element_type=\"widget\" data-e-type=\"widget\" data-widget_type=\"image.default\">\n\t\t\t\t<div class=\"elementor-widget-container\">\n\t\t\t\t\t\t\t\t\t\t\t\t\t\t\t<img loading=\"lazy\" decoding=\"async\" width=\"220\" height=\"160\" src=\"https:\/\/www.crtprotransito.com.br\/wp-content\/uploads\/2024\/10\/SENATRAN.png\" class=\"attachment-large size-large wp-image-1153\" alt=\"\" \/>\t\t\t\t\t\t\t\t\t\t\t\t\t\t\t<\/div>\n\t\t\t\t<\/div>\n\t\t\t\t\t<\/div>\n\t\t<\/div>\n\t\t\t\t<div class=\"elementor-column elementor-col-25 elementor-top-column elementor-element elementor-element-ac85b7d\" data-id=\"ac85b7d\" data-element_type=\"column\" data-e-type=\"column\">\n\t\t\t<div class=\"elementor-widget-wrap elementor-element-populated\">\n\t\t\t\t\t\t<div class=\"elementor-element elementor-element-25e1f88 elementor-widget elementor-widget-image\" data-id=\"25e1f88\" data-element_type=\"widget\" data-e-type=\"widget\" data-widget_type=\"image.default\">\n\t\t\t\t<div class=\"elementor-widget-container\">\n\t\t\t\t\t\t\t\t\t\t\t\t\t\t\t\t<a href=\"https:\/\/inprotran.org.br\/\" target=\"_blank\">\n\t\t\t\t\t\t\t<img loading=\"lazy\" decoding=\"async\" width=\"148\" height=\"174\" src=\"https:\/\/www.crtprotransito.com.br\/wp-content\/uploads\/2024\/10\/logomarc.jpg\" class=\"attachment-medium size-medium wp-image-1155\" alt=\"\" \/>\t\t\t\t\t\t\t\t<\/a>\n\t\t\t\t\t\t\t\t\t\t\t\t\t\t\t<\/div>\n\t\t\t\t<\/div>\n\t\t\t\t\t<\/div>\n\t\t<\/div>\n\t\t\t\t<div class=\"elementor-column elementor-col-25 elementor-top-column elementor-element elementor-element-529ce01\" data-id=\"529ce01\" data-element_type=\"column\" data-e-type=\"column\">\n\t\t\t<div class=\"elementor-widget-wrap elementor-element-populated\">\n\t\t\t\t\t\t<div class=\"elementor-element elementor-element-9ca6a8c elementor-widget elementor-widget-image\" data-id=\"9ca6a8c\" data-element_type=\"widget\" data-e-type=\"widget\" data-widget_type=\"image.default\">\n\t\t\t\t<div class=\"elementor-widget-container\">\n\t\t\t\t\t\t\t\t\t\t\t\t\t\t\t\t<a href=\"https:\/\/www.mec.gov.br\/\" target=\"_blank\">\n\t\t\t\t\t\t\t<img loading=\"lazy\" decoding=\"async\" width=\"275\" height=\"183\" src=\"https:\/\/www.crtprotransito.com.br\/wp-content\/uploads\/2018\/09\/mec.jpg\" class=\"attachment-large size-large wp-image-152\" alt=\"\" \/>\t\t\t\t\t\t\t\t<\/a>\n\t\t\t\t\t\t\t\t\t\t\t\t\t\t\t<\/div>\n\t\t\t\t<\/div>\n\t\t\t\t\t<\/div>\n\t\t<\/div>\n\t\t\t\t\t<\/div>\n\t\t<\/section>\n\t\t\t\t<section class=\"elementor-section elementor-top-section elementor-element elementor-element-0d79df5 elementor-section-boxed elementor-section-height-default elementor-section-height-default\" data-id=\"0d79df5\" data-element_type=\"section\" data-e-type=\"section\">\n\t\t\t\t\t\t<div class=\"elementor-container elementor-column-gap-default\">\n\t\t\t\t\t<div class=\"elementor-column elementor-col-100 elementor-top-column elementor-element elementor-element-5d72106\" data-id=\"5d72106\" data-element_type=\"column\" data-e-type=\"column\">\n\t\t\t<div class=\"elementor-widget-wrap elementor-element-populated\">\n\t\t\t\t\t\t<div class=\"elementor-element elementor-element-d4328c1 elementor-widget-divider--view-line elementor-widget elementor-widget-divider\" data-id=\"d4328c1\" data-element_type=\"widget\" data-e-type=\"widget\" data-widget_type=\"divider.default\">\n\t\t\t\t<div class=\"elementor-widget-container\">\n\t\t\t\t\t\t\t<div class=\"elementor-divider\">\n\t\t\t<span class=\"elementor-divider-separator\">\n\t\t\t\t\t\t<\/span>\n\t\t<\/div>\n\t\t\t\t\t\t<\/div>\n\t\t\t\t<\/div>\n\t\t\t\t<div class=\"elementor-element elementor-element-15e6d9f elementor-widget elementor-widget-image\" data-id=\"15e6d9f\" data-element_type=\"widget\" data-e-type=\"widget\" data-widget_type=\"image.default\">\n\t\t\t\t<div class=\"elementor-widget-container\">\n\t\t\t\t\t\t\t\t\t\t\t\t\t\t\t\t<a href=\"http:\/\/www.crtprotransito.com.br\/?page_id=204\">\n\t\t\t\t\t\t\t<img loading=\"lazy\" decoding=\"async\" width=\"300\" height=\"71\" src=\"https:\/\/www.crtprotransito.com.br\/wp-content\/uploads\/2018\/09\/fale-conosco-300x71.png\" class=\"attachment-medium size-medium wp-image-197\" alt=\"\" srcset=\"https:\/\/www.crtprotransito.com.br\/wp-content\/uploads\/2018\/09\/fale-conosco-300x71.png 300w, https:\/\/www.crtprotransito.com.br\/wp-content\/uploads\/2018\/09\/fale-conosco.png 690w\" sizes=\"(max-width: 300px) 100vw, 300px\" \/>\t\t\t\t\t\t\t\t<\/a>\n\t\t\t\t\t\t\t\t\t\t\t\t\t\t\t<\/div>\n\t\t\t\t<\/div>\n\t\t\t\t\t<\/div>\n\t\t<\/div>\n\t\t\t\t\t<\/div>\n\t\t<\/section>\n\t\t\t\t<section class=\"elementor-section elementor-top-section elementor-element elementor-element-44ea13b elementor-section-boxed elementor-section-height-default elementor-section-height-default\" data-id=\"44ea13b\" data-element_type=\"section\" data-e-type=\"section\">\n\t\t\t\t\t\t<div class=\"elementor-container elementor-column-gap-default\">\n\t\t\t\t\t<div class=\"elementor-column elementor-col-100 elementor-top-column elementor-element elementor-element-046a2ff\" data-id=\"046a2ff\" data-element_type=\"column\" data-e-type=\"column\">\n\t\t\t<div class=\"elementor-widget-wrap elementor-element-populated\">\n\t\t\t\t\t\t<div class=\"elementor-element elementor-element-bd19bbf elementor-widget elementor-widget-text-editor\" data-id=\"bd19bbf\" data-element_type=\"widget\" data-e-type=\"widget\" data-widget_type=\"text-editor.default\">\n\t\t\t\t<div class=\"elementor-widget-container\">\n\t\t\t\t\t\t\t\t\t<p style=\"text-align: center;\">Rua Dr. Jos\u00e9 Macedo,\u00a0 85 &#8211; Pouso Alegre\/MG &#8211;\u00a0<span style=\"font-size: 0.875rem;\">Telefone: (35) 3423-1834 &#8211; Whatsapp: (35)\u00a0<\/span>9111-7953<\/p>\t\t\t\t\t\t\t\t<\/div>\n\t\t\t\t<\/div>\n\t\t\t\t\t<\/div>\n\t\t<\/div>\n\t\t\t\t\t<\/div>\n\t\t<\/section>\n\t\t\t\t<section class=\"elementor-section elementor-top-section elementor-element elementor-element-8654f01 elementor-section-boxed elementor-section-height-default elementor-section-height-default\" data-id=\"8654f01\" data-element_type=\"section\" data-e-type=\"section\">\n\t\t\t\t\t\t<div class=\"elementor-container elementor-column-gap-default\">\n\t\t\t\t\t<div class=\"elementor-column elementor-col-100 elementor-top-column elementor-element elementor-element-da63cfc\" data-id=\"da63cfc\" data-element_type=\"column\" data-e-type=\"column\">\n\t\t\t<div class=\"elementor-widget-wrap elementor-element-populated\">\n\t\t\t\t\t\t<div class=\"elementor-element elementor-element-ac9ae65 elementor-widget elementor-widget-google_maps\" data-id=\"ac9ae65\" data-element_type=\"widget\" data-e-type=\"widget\" data-widget_type=\"google_maps.default\">\n\t\t\t\t<div class=\"elementor-widget-container\">\n\t\t\t\t\t\t\t<div class=\"elementor-custom-embed\">\n\t\t\t<iframe loading=\"lazy\"\n\t\t\t\t\tsrc=\"https:\/\/maps.google.com\/maps?q=CRT%20PR%C3%93%20&#038;t=m&#038;z=10&#038;output=embed&#038;iwloc=near\"\n\t\t\t\t\ttitle=\"CRT PR\u00d3 \"\n\t\t\t\t\taria-label=\"CRT PR\u00d3 \"\n\t\t\t><\/iframe>\n\t\t<\/div>\n\t\t\t\t\t\t<\/div>\n\t\t\t\t<\/div>\n\t\t\t\t\t<\/div>\n\t\t<\/div>\n\t\t\t\t\t<\/div>\n\t\t<\/section>\n\t\t\t\t<section class=\"elementor-section elementor-top-section elementor-element elementor-element-503117d2 elementor-section-boxed elementor-section-height-default elementor-section-height-default\" data-id=\"503117d2\" data-element_type=\"section\" data-e-type=\"section\">\n\t\t\t\t\t\t<div class=\"elementor-container elementor-column-gap-default\">\n\t\t\t\t\t<div class=\"elementor-column elementor-col-100 elementor-top-column elementor-element elementor-element-72719036\" data-id=\"72719036\" data-element_type=\"column\" data-e-type=\"column\">\n\t\t\t<div class=\"elementor-widget-wrap elementor-element-populated\">\n\t\t\t\t\t\t\t<\/div>\n\t\t<\/div>\n\t\t\t\t\t<\/div>\n\t\t<\/section>\n\t\t\t\t<section class=\"elementor-section elementor-top-section elementor-element elementor-element-dec2b79 elementor-section-boxed elementor-section-height-default elementor-section-height-default\" data-id=\"dec2b79\" data-element_type=\"section\" data-e-type=\"section\">\n\t\t\t\t\t\t<div class=\"elementor-container elementor-column-gap-default\">\n\t\t\t\t\t<div class=\"elementor-column elementor-col-100 elementor-top-column elementor-element elementor-element-5cba007\" data-id=\"5cba007\" data-element_type=\"column\" data-e-type=\"column\">\n\t\t\t<div class=\"elementor-widget-wrap elementor-element-populated\">\n\t\t\t\t\t\t<div class=\"elementor-element elementor-element-158911c elementor-widget elementor-widget-wp-widget-pages\" data-id=\"158911c\" data-element_type=\"widget\" data-e-type=\"widget\" data-widget_type=\"wp-widget-pages.default\">\n\t\t\t\t<div class=\"elementor-widget-container\">\n\t\t\t\t\t<h5>auto<\/h5>\n\t\t\t<ul>\n\t\t\t\t<li class=\"page_item page-item-676\"><a href=\"https:\/\/www.crtprotransito.com.br\/?page_id=676\">\u00c1rea do Aluno<\/a><\/li>\n<li class=\"page_item page-item-190\"><a href=\"https:\/\/www.crtprotransito.com.br\/?page_id=190\">boas vindas<\/a><\/li>\n<li class=\"page_item page-item-612\"><a href=\"https:\/\/www.crtprotransito.com.br\/?page_id=612\">Cargas Perigosas<\/a><\/li>\n<li class=\"page_item page-item-1224\"><a href=\"https:\/\/www.crtprotransito.com.br\/?page_id=1224\">Consultoria e Assessoria<\/a><\/li>\n<li class=\"page_item page-item-749\"><a href=\"https:\/\/www.crtprotransito.com.br\/?page_id=749\">Curso Cargas Indivis\u00edveis<\/a><\/li>\n<li class=\"page_item page-item-743\"><a href=\"https:\/\/www.crtprotransito.com.br\/?page_id=743\">Curso Coletivo Passageiros<\/a><\/li>\n<li class=\"page_item page-item-728\"><a href=\"https:\/\/www.crtprotransito.com.br\/?page_id=728\">Curso Emerg\u00eancia<\/a><\/li>\n<li class=\"page_item page-item-737\"><a href=\"https:\/\/www.crtprotransito.com.br\/?page_id=737\">Curso Escolar<\/a><\/li>\n<li class=\"page_item page-item-809\"><a href=\"https:\/\/www.crtprotransito.com.br\/?page_id=809\">Curso Motofrete<\/a><\/li>\n<li class=\"page_item page-item-815\"><a href=\"https:\/\/www.crtprotransito.com.br\/?page_id=815\">Curso Mototaxi<\/a><\/li>\n<li class=\"page_item page-item-504\"><a href=\"https:\/\/www.crtprotransito.com.br\/?page_id=504\">Cursos<\/a><\/li>\n<li class=\"page_item page-item-34\"><a href=\"https:\/\/www.crtprotransito.com.br\/?page_id=34\">Cursos Especiais<\/a><\/li>\n<li class=\"page_item page-item-30\"><a href=\"https:\/\/www.crtprotransito.com.br\/?page_id=30\">EJA<\/a><\/li>\n<li class=\"page_item page-item-204\"><a href=\"https:\/\/www.crtprotransito.com.br\/?page_id=204\">Fale Conosco<\/a><\/li>\n<li class=\"page_item page-item-2\"><a href=\"https:\/\/www.crtprotransito.com.br\/\">Frontpage<\/a><\/li>\n<li class=\"page_item page-item-235\"><a href=\"https:\/\/www.crtprotransito.com.br\/?page_id=235\">Gradua\u00e7\u00f5es<\/a><\/li>\n<li class=\"page_item page-item-664\"><a href=\"https:\/\/www.crtprotransito.com.br\/?page_id=664\">Lp Checkout<\/a><\/li>\n<li class=\"page_item page-item-922\"><a href=\"https:\/\/www.crtprotransito.com.br\/?page_id=922\">Matr\u00edcula<\/a><\/li>\n<li class=\"page_item page-item-605\"><a href=\"https:\/\/www.crtprotransito.com.br\/?page_id=605\">Motoristas Especializados<\/a><\/li>\n<li class=\"page_item page-item-158\"><a href=\"https:\/\/www.crtprotransito.com.br\/?page_id=158\">Municipaliza\u00e7\u00e3o<\/a><\/li>\n<li class=\"page_item page-item-119\"><a href=\"https:\/\/www.crtprotransito.com.br\/?page_id=119\">Municipios<\/a><\/li>\n<li class=\"page_item page-item-417\"><a href=\"https:\/\/www.crtprotransito.com.br\/?page_id=417\">Pagseguro<\/a><\/li>\n<li class=\"page_item page-item-506\"><a href=\"https:\/\/www.crtprotransito.com.br\/?page_id=506\">Perfil<\/a><\/li>\n<li class=\"page_item page-item-1296\"><a href=\"https:\/\/www.crtprotransito.com.br\/?page_id=1296\">Per\u00edcia T\u00e9cnica<\/a><\/li>\n<li class=\"page_item page-item-32\"><a href=\"https:\/\/www.crtprotransito.com.br\/?page_id=32\">P\u00f3s Gradua\u00e7\u00f5es<\/a><\/li>\n<li class=\"page_item page-item-90\"><a href=\"https:\/\/www.crtprotransito.com.br\/?page_id=90\">Pr\u00e9-matricula<\/a><\/li>\n<li class=\"page_item page-item-470\"><a href=\"https:\/\/www.crtprotransito.com.br\/?page_id=470\">Pr\u00e9-matr\u00edcula: Normas Regulamentadoras &#8211; NRs<\/a><\/li>\n<li class=\"page_item page-item-108\"><a href=\"https:\/\/www.crtprotransito.com.br\/?page_id=108\">Pr\u00e9-matr\u00edcula: P\u00f3s-Gradua\u00e7\u00f5es<\/a><\/li>\n<li class=\"page_item page-item-106\"><a href=\"https:\/\/www.crtprotransito.com.br\/?page_id=106\">Pr\u00e9-matr\u00edcula: Supletivo EJA<\/a><\/li>\n<li class=\"page_item page-item-137\"><a href=\"https:\/\/www.crtprotransito.com.br\/?page_id=137\">Projetos Vi\u00e1rios<\/a><\/li>\n<li class=\"page_item page-item-666\"><a href=\"https:\/\/www.crtprotransito.com.br\/?page_id=666\">Tornar-se um Instrutor<\/a><\/li>\n\t\t\t<\/ul>\n\n\t\t\t\t\t\t\t<\/div>\n\t\t\t\t<\/div>\n\t\t\t\t\t<\/div>\n\t\t<\/div>\n\t\t\t\t\t<\/div>\n\t\t<\/section>\n\t\t\t\t<\/div>\n\t\t","protected":false},"excerpt":{"rendered":"<p>QUEM SOMOS Rua Dr. Jos\u00e9 Macedo,\u00a0 85 &#8211; Pouso Alegre\/MG &#8211;\u00a0Telefone: (35) 3423-1834 &#8211; Whatsapp: (35)\u00a09111-7953<\/p>\n","protected":false},"author":1,"featured_media":0,"parent":0,"menu_order":0,"comment_status":"closed","ping_status":"open","template":"","meta":{"_joinchat":[],"footnotes":""},"class_list":["post-2","page","type-page","status-publish","hentry"],"_links":{"self":[{"href":"https:\/\/www.crtprotransito.com.br\/index.php?rest_route=\/wp\/v2\/pages\/2","targetHints":{"allow":["GET"]}}],"collection":[{"href":"https:\/\/www.crtprotransito.com.br\/index.php?rest_route=\/wp\/v2\/pages"}],"about":[{"href":"https:\/\/www.crtprotransito.com.br\/index.php?rest_route=\/wp\/v2\/types\/page"}],"author":[{"embeddable":true,"href":"https:\/\/www.crtprotransito.com.br\/index.php?rest_route=\/wp\/v2\/users\/1"}],"replies":[{"embeddable":true,"href":"https:\/\/www.crtprotransito.com.br\/index.php?rest_route=%2Fwp%2Fv2%2Fcomments&post=2"}],"version-history":[{"count":128,"href":"https:\/\/www.crtprotransito.com.br\/index.php?rest_route=\/wp\/v2\/pages\/2\/revisions"}],"predecessor-version":[{"id":1198,"href":"https:\/\/www.crtprotransito.com.br\/index.php?rest_route=\/wp\/v2\/pages\/2\/revisions\/1198"}],"wp:attachment":[{"href":"https:\/\/www.crtprotransito.com.br\/index.php?rest_route=%2Fwp%2Fv2%2Fmedia&parent=2"}],"curies":[{"name":"wp","href":"https:\/\/api.w.org\/{rel}","templated":true}]}}