{"id":204,"date":"2018-09-08T18:38:08","date_gmt":"2018-09-08T18:38:08","guid":{"rendered":"http:\/\/www.crtprotransito.com.br\/?page_id=204"},"modified":"2025-11-11T23:57:39","modified_gmt":"2025-11-11T23:57:39","slug":"fale-conosco","status":"publish","type":"page","link":"https:\/\/www.crtprotransito.com.br\/?page_id=204","title":{"rendered":"Fale Conosco"},"content":{"rendered":"\t\t<div data-elementor-type=\"wp-post\" data-elementor-id=\"204\" class=\"elementor elementor-204\">\n\t\t\t\t\t\t<section class=\"elementor-section elementor-top-section elementor-element elementor-element-a4295ab elementor-section-boxed elementor-section-height-default elementor-section-height-default\" data-id=\"a4295ab\" data-element_type=\"section\" data-e-type=\"section\">\n\t\t\t\t\t\t<div class=\"elementor-container elementor-column-gap-default\">\n\t\t\t\t\t<div class=\"elementor-column elementor-col-100 elementor-top-column elementor-element elementor-element-08d2e7a\" data-id=\"08d2e7a\" data-element_type=\"column\" data-e-type=\"column\">\n\t\t\t<div class=\"elementor-widget-wrap elementor-element-populated\">\n\t\t\t\t\t\t<div class=\"elementor-element elementor-element-da1e64e elementor-widget elementor-widget-wpforms\" data-id=\"da1e64e\" data-element_type=\"widget\" data-e-type=\"widget\" data-widget_type=\"wpforms.default\">\n\t\t\t\t<div class=\"elementor-widget-container\">\n\t\t\t\t\t<div class=\"wpforms-container wpforms-container-full\" id=\"wpforms-1247\"><form id=\"wpforms-form-1247\" class=\"wpforms-validate wpforms-form\" data-formid=\"1247\" method=\"post\" enctype=\"multipart\/form-data\" action=\"\/index.php?rest_route=%2Fwp%2Fv2%2Fpages%2F204\" data-token=\"8115a93344442c0b4a8c40f6d0c4e525\" data-token-time=\"1777812847\"><noscript class=\"wpforms-error-noscript\">Ative o JavaScript no seu navegador para preencher este formul\u00e1rio.<\/noscript><div class=\"wpforms-field-container\"><div id=\"wpforms-1247-field_1-container\" class=\"wpforms-field wpforms-field-text\" data-field-id=\"1\"><label class=\"wpforms-field-label\" for=\"wpforms-1247-field_1\">Nome <span class=\"wpforms-required-label\">*<\/span><\/label><input type=\"text\" id=\"wpforms-1247-field_1\" class=\"wpforms-field-medium wpforms-field-required\" name=\"wpforms[fields][1]\" required><\/div><div id=\"wpforms-1247-field_3-container\" class=\"wpforms-field wpforms-field-text\" data-field-id=\"3\"><label class=\"wpforms-field-label\" for=\"wpforms-1247-field_3\">Cidade <span class=\"wpforms-required-label\">*<\/span><\/label><input type=\"text\" id=\"wpforms-1247-field_3\" class=\"wpforms-field-medium wpforms-field-required\" name=\"wpforms[fields][3]\" required><\/div><div id=\"wpforms-1247-field_4-container\" class=\"wpforms-field wpforms-field-text\" data-field-id=\"4\"><label class=\"wpforms-field-label\" for=\"wpforms-1247-field_4\">Celular <span class=\"wpforms-required-label\">*<\/span><\/label><input type=\"text\" id=\"wpforms-1247-field_4\" class=\"wpforms-field-medium wpforms-field-required\" name=\"wpforms[fields][4]\" required><\/div>\t\t<div id=\"wpforms-1247-field_2-container\"\n\t\t\tclass=\"wpforms-field wpforms-field-text\"\n\t\t\tdata-field-type=\"text\"\n\t\t\tdata-field-id=\"2\"\n\t\t\t>\n\t\t\t<label class=\"wpforms-field-label\" for=\"wpforms-1247-field_2\" >Nome Celular Coment\u00e1rios<\/label>\n\t\t\t<input type=\"text\" id=\"wpforms-1247-field_2\" class=\"wpforms-field-medium\" name=\"wpforms[fields][2]\" >\n\t\t<\/div>\n\t\t<div id=\"wpforms-1247-field_6-container\" class=\"wpforms-field wpforms-field-text\" data-field-id=\"6\"><label class=\"wpforms-field-label\" for=\"wpforms-1247-field_6\">Whatsapp<\/label><input type=\"text\" id=\"wpforms-1247-field_6\" class=\"wpforms-field-medium\" name=\"wpforms[fields][6]\" ><\/div><div id=\"wpforms-1247-field_5-container\" class=\"wpforms-field wpforms-field-text\" data-field-id=\"5\"><label class=\"wpforms-field-label\" for=\"wpforms-1247-field_5\">email<\/label><input type=\"text\" id=\"wpforms-1247-field_5\" class=\"wpforms-field-medium\" name=\"wpforms[fields][5]\" ><\/div><div id=\"wpforms-1247-field_8-container\" class=\"wpforms-field wpforms-field-radio\" data-field-id=\"8\"><label class=\"wpforms-field-label\">Qual o seu interesse: <span class=\"wpforms-required-label\">*<\/span><\/label><ul id=\"wpforms-1247-field_8\" class=\"wpforms-field-required\"><li class=\"choice-1 depth-1\"><input type=\"radio\" id=\"wpforms-1247-field_8_1\" name=\"wpforms[fields][8]\" value=\"Cursos\" required ><label class=\"wpforms-field-label-inline\" for=\"wpforms-1247-field_8_1\">Cursos<\/label><\/li><li class=\"choice-2 depth-1\"><input type=\"radio\" id=\"wpforms-1247-field_8_2\" name=\"wpforms[fields][8]\" value=\"Assessoria e consultoria\" required ><label class=\"wpforms-field-label-inline\" for=\"wpforms-1247-field_8_2\">Assessoria e consultoria<\/label><\/li><li class=\"choice-3 depth-1\"><input type=\"radio\" id=\"wpforms-1247-field_8_3\" name=\"wpforms[fields][8]\" value=\"Administra\u00e7\u00e3o P\u00fablica\" required ><label class=\"wpforms-field-label-inline\" for=\"wpforms-1247-field_8_3\">Administra\u00e7\u00e3o P\u00fablica<\/label><\/li><li class=\"choice-4 depth-1\"><input type=\"radio\" id=\"wpforms-1247-field_8_4\" name=\"wpforms[fields][8]\" value=\"Per\u00edcia T\u00e9cnica\" required ><label class=\"wpforms-field-label-inline\" for=\"wpforms-1247-field_8_4\">Per\u00edcia T\u00e9cnica<\/label><\/li><li class=\"choice-5 depth-1\"><input type=\"radio\" id=\"wpforms-1247-field_8_5\" name=\"wpforms[fields][8]\" value=\"Recurso de Infra\u00e7\u00e3o de Tr\u00e2nsito\" required ><label class=\"wpforms-field-label-inline\" for=\"wpforms-1247-field_8_5\">Recurso de Infra\u00e7\u00e3o de Tr\u00e2nsito<\/label><\/li><\/ul><\/div><div id=\"wpforms-1247-field_9-container\" class=\"wpforms-field wpforms-field-textarea\" data-field-id=\"9\"><label class=\"wpforms-field-label\" for=\"wpforms-1247-field_9\">Coment\u00e1rios<\/label><textarea id=\"wpforms-1247-field_9\" class=\"wpforms-field-medium\" name=\"wpforms[fields][9]\" ><\/textarea><\/div><script>\n\t\t\t\t( function() {\n\t\t\t\t\tconst style = document.createElement( 'style' );\n\t\t\t\t\tstyle.appendChild( document.createTextNode( '#wpforms-1247-field_2-container { position: absolute !important; overflow: hidden !important; display: inline !important; height: 1px !important; width: 1px !important; z-index: -1000 !important; padding: 0 !important; } #wpforms-1247-field_2-container input { visibility: hidden; } #wpforms-conversational-form-page #wpforms-1247-field_2-container label { counter-increment: none; }' ) );\n\t\t\t\t\tdocument.head.appendChild( style );\n\t\t\t\t\tdocument.currentScript?.remove();\n\t\t\t\t} )();\n\t\t\t<\/script><\/div><!-- .wpforms-field-container --><div class=\"wpforms-submit-container\" ><input type=\"hidden\" name=\"wpforms[id]\" value=\"1247\"><input type=\"hidden\" name=\"page_title\" value=\"\"><input type=\"hidden\" name=\"page_url\" value=\"https:\/\/www.crtprotransito.com.br\/index.php?rest_route=\/wp\/v2\/pages\/204\"><input type=\"hidden\" name=\"url_referer\" value=\"\"><button type=\"submit\" name=\"wpforms[submit]\" id=\"wpforms-submit-1247\" class=\"wpforms-submit\" data-alt-text=\"Sending...\" data-submit-text=\"ENVIAR\" aria-live=\"assertive\" value=\"wpforms-submit\">ENVIAR<\/button><\/div><\/form><\/div>  <!-- .wpforms-container -->\t\t\t\t<\/div>\n\t\t\t\t<\/div>\n\t\t\t\t\t<\/div>\n\t\t<\/div>\n\t\t\t\t\t<\/div>\n\t\t<\/section>\n\t\t\t\t<\/div>\n\t\t","protected":false},"excerpt":{"rendered":"<p>Ative o JavaScript no seu navegador para preencher este formul\u00e1rio.Nome *Cidade *Celular *WhatsappemailQual o seu interesse: * Cursos Assessoria e consultoria Administra\u00e7\u00e3o P\u00fablica Per\u00edcia T\u00e9cnica Recurso de Infra\u00e7\u00e3o de Tr\u00e2nsito &#8230;<\/p>\n","protected":false},"author":1,"featured_media":0,"parent":0,"menu_order":0,"comment_status":"closed","ping_status":"closed","template":"","meta":{"_joinchat":[],"footnotes":""},"class_list":["post-204","page","type-page","status-publish","hentry"],"_links":{"self":[{"href":"https:\/\/www.crtprotransito.com.br\/index.php?rest_route=\/wp\/v2\/pages\/204","targetHints":{"allow":["GET"]}}],"collection":[{"href":"https:\/\/www.crtprotransito.com.br\/index.php?rest_route=\/wp\/v2\/pages"}],"about":[{"href":"https:\/\/www.crtprotransito.com.br\/index.php?rest_route=\/wp\/v2\/types\/page"}],"author":[{"embeddable":true,"href":"https:\/\/www.crtprotransito.com.br\/index.php?rest_route=\/wp\/v2\/users\/1"}],"replies":[{"embeddable":true,"href":"https:\/\/www.crtprotransito.com.br\/index.php?rest_route=%2Fwp%2Fv2%2Fcomments&post=204"}],"version-history":[{"count":14,"href":"https:\/\/www.crtprotransito.com.br\/index.php?rest_route=\/wp\/v2\/pages\/204\/revisions"}],"predecessor-version":[{"id":1271,"href":"https:\/\/www.crtprotransito.com.br\/index.php?rest_route=\/wp\/v2\/pages\/204\/revisions\/1271"}],"wp:attachment":[{"href":"https:\/\/www.crtprotransito.com.br\/index.php?rest_route=%2Fwp%2Fv2%2Fmedia&parent=204"}],"curies":[{"name":"wp","href":"https:\/\/api.w.org\/{rel}","templated":true}]}}