{"id":32,"date":"2018-09-08T01:57:04","date_gmt":"2018-09-08T01:57:04","guid":{"rendered":"http:\/\/www.crtprotransito.com.br\/?page_id=32"},"modified":"2020-08-15T02:01:31","modified_gmt":"2020-08-15T02:01:31","slug":"pos-graduacoes","status":"publish","type":"page","link":"https:\/\/www.crtprotransito.com.br\/?page_id=32","title":{"rendered":"P\u00f3s Gradua\u00e7\u00f5es"},"content":{"rendered":"\t\t<div data-elementor-type=\"wp-post\" data-elementor-id=\"32\" class=\"elementor elementor-32\">\n\t\t\t\t\t\t<section class=\"elementor-section elementor-top-section elementor-element elementor-element-dc1e581 elementor-section-boxed elementor-section-height-default elementor-section-height-default\" data-id=\"dc1e581\" data-element_type=\"section\" data-e-type=\"section\">\n\t\t\t\t\t\t<div class=\"elementor-container elementor-column-gap-default\">\n\t\t\t\t\t<div class=\"elementor-column elementor-col-100 elementor-top-column elementor-element elementor-element-f443b0d\" data-id=\"f443b0d\" data-element_type=\"column\" data-e-type=\"column\">\n\t\t\t<div class=\"elementor-widget-wrap elementor-element-populated\">\n\t\t\t\t\t\t<div class=\"elementor-element elementor-element-40e3c52 elementor-widget elementor-widget-image\" data-id=\"40e3c52\" data-element_type=\"widget\" data-e-type=\"widget\" data-widget_type=\"image.default\">\n\t\t\t\t<div class=\"elementor-widget-container\">\n\t\t\t\t\t\t\t\t\t\t\t\t\t\t\t\t<a href=\"https:\/\/www.saoluisead.com.br\/\" target=\"_blank\">\n\t\t\t\t\t\t\t<img fetchpriority=\"high\" decoding=\"async\" width=\"653\" height=\"1024\" src=\"https:\/\/www.crtprotransito.com.br\/wp-content\/uploads\/2020\/08\/pos-sao-luis-653x1024.jpeg\" class=\"attachment-large size-large wp-image-595\" alt=\"\" srcset=\"https:\/\/www.crtprotransito.com.br\/wp-content\/uploads\/2020\/08\/pos-sao-luis-653x1024.jpeg 653w, https:\/\/www.crtprotransito.com.br\/wp-content\/uploads\/2020\/08\/pos-sao-luis-191x300.jpeg 191w, https:\/\/www.crtprotransito.com.br\/wp-content\/uploads\/2020\/08\/pos-sao-luis-768x1205.jpeg 768w, https:\/\/www.crtprotransito.com.br\/wp-content\/uploads\/2020\/08\/pos-sao-luis.jpeg 787w\" sizes=\"(max-width: 653px) 100vw, 653px\" \/>\t\t\t\t\t\t\t\t<\/a>\n\t\t\t\t\t\t\t\t\t\t\t\t\t\t\t<\/div>\n\t\t\t\t<\/div>\n\t\t\t\t\t<\/div>\n\t\t<\/div>\n\t\t\t\t\t<\/div>\n\t\t<\/section>\n\t\t\t\t<section class=\"elementor-section elementor-top-section elementor-element elementor-element-3f98b05 elementor-section-boxed elementor-section-height-default elementor-section-height-default\" data-id=\"3f98b05\" data-element_type=\"section\" data-e-type=\"section\">\n\t\t\t\t\t\t<div class=\"elementor-container elementor-column-gap-default\">\n\t\t\t\t\t<div class=\"elementor-column elementor-col-100 elementor-top-column elementor-element elementor-element-234ffc5\" data-id=\"234ffc5\" data-element_type=\"column\" data-e-type=\"column\">\n\t\t\t<div class=\"elementor-widget-wrap elementor-element-populated\">\n\t\t\t\t\t\t<div class=\"elementor-element elementor-element-7200e05 elementor-widget elementor-widget-image\" data-id=\"7200e05\" data-element_type=\"widget\" data-e-type=\"widget\" data-widget_type=\"image.default\">\n\t\t\t\t<div class=\"elementor-widget-container\">\n\t\t\t\t\t\t\t\t\t\t\t\t\t\t\t\t<a href=\"http:\/\/www.crtprotransito.com.br\/?page_id=204\">\n\t\t\t\t\t\t\t<img decoding=\"async\" width=\"300\" height=\"71\" src=\"https:\/\/www.crtprotransito.com.br\/wp-content\/uploads\/2018\/09\/fale-conosco-300x71.png\" class=\"attachment-medium size-medium wp-image-197\" alt=\"\" srcset=\"https:\/\/www.crtprotransito.com.br\/wp-content\/uploads\/2018\/09\/fale-conosco-300x71.png 300w, https:\/\/www.crtprotransito.com.br\/wp-content\/uploads\/2018\/09\/fale-conosco.png 690w\" sizes=\"(max-width: 300px) 100vw, 300px\" \/>\t\t\t\t\t\t\t\t<\/a>\n\t\t\t\t\t\t\t\t\t\t\t\t\t\t\t<\/div>\n\t\t\t\t<\/div>\n\t\t\t\t\t<\/div>\n\t\t<\/div>\n\t\t\t\t\t<\/div>\n\t\t<\/section>\n\t\t\t\t<\/div>\n\t\t","protected":false},"excerpt":{"rendered":"","protected":false},"author":1,"featured_media":0,"parent":0,"menu_order":0,"comment_status":"closed","ping_status":"closed","template":"","meta":{"_joinchat":[],"footnotes":""},"class_list":["post-32","page","type-page","status-publish","hentry"],"_links":{"self":[{"href":"https:\/\/www.crtprotransito.com.br\/index.php?rest_route=\/wp\/v2\/pages\/32","targetHints":{"allow":["GET"]}}],"collection":[{"href":"https:\/\/www.crtprotransito.com.br\/index.php?rest_route=\/wp\/v2\/pages"}],"about":[{"href":"https:\/\/www.crtprotransito.com.br\/index.php?rest_route=\/wp\/v2\/types\/page"}],"author":[{"embeddable":true,"href":"https:\/\/www.crtprotransito.com.br\/index.php?rest_route=\/wp\/v2\/users\/1"}],"replies":[{"embeddable":true,"href":"https:\/\/www.crtprotransito.com.br\/index.php?rest_route=%2Fwp%2Fv2%2Fcomments&post=32"}],"version-history":[{"count":7,"href":"https:\/\/www.crtprotransito.com.br\/index.php?rest_route=\/wp\/v2\/pages\/32\/revisions"}],"predecessor-version":[{"id":597,"href":"https:\/\/www.crtprotransito.com.br\/index.php?rest_route=\/wp\/v2\/pages\/32\/revisions\/597"}],"wp:attachment":[{"href":"https:\/\/www.crtprotransito.com.br\/index.php?rest_route=%2Fwp%2Fv2%2Fmedia&parent=32"}],"curies":[{"name":"wp","href":"https:\/\/api.w.org\/{rel}","templated":true}]}}