{"id":612,"date":"2020-08-15T05:44:02","date_gmt":"2020-08-15T05:44:02","guid":{"rendered":"http:\/\/www.crtprotransito.com.br\/?page_id=612"},"modified":"2021-02-24T19:01:48","modified_gmt":"2021-02-24T19:01:48","slug":"cargas-perigosas","status":"publish","type":"page","link":"https:\/\/www.crtprotransito.com.br\/?page_id=612","title":{"rendered":"Cargas Perigosas"},"content":{"rendered":"\t\t<div data-elementor-type=\"wp-page\" data-elementor-id=\"612\" class=\"elementor elementor-612\">\n\t\t\t\t\t\t<section class=\"elementor-section elementor-top-section elementor-element elementor-element-29a6cd56 elementor-section-boxed elementor-section-height-default elementor-section-height-default\" data-id=\"29a6cd56\" data-element_type=\"section\" data-e-type=\"section\">\n\t\t\t\t\t\t<div class=\"elementor-container elementor-column-gap-default\">\n\t\t\t\t\t<div class=\"elementor-column elementor-col-100 elementor-top-column elementor-element elementor-element-5c06dcc8\" data-id=\"5c06dcc8\" data-element_type=\"column\" data-e-type=\"column\">\n\t\t\t<div class=\"elementor-widget-wrap elementor-element-populated\">\n\t\t\t\t\t\t<div class=\"elementor-element elementor-element-4bdebd5d elementor-widget elementor-widget-text-editor\" data-id=\"4bdebd5d\" data-element_type=\"widget\" data-e-type=\"widget\" data-widget_type=\"text-editor.default\">\n\t\t\t\t<div class=\"elementor-widget-container\">\n\t\t\t\t\t\t\t\t\t<p><\/p>\n<h4><strong>CURSO DE TRANPORTE DE PRODUTOS PERIGOSOS<\/strong><\/h4>\n<p><strong>PR\u00c9-REQUITOS<\/strong><\/p>\n<p><\/p>\n<p><\/p>\n<ul>\n<li>Ser maior que 21 anos;<\/li>\n<li>Estar habilitado em uma das categorias B, C, D e E;<\/li>\n<li>N\u00e3o estar cumprindo pena de suspens\u00e3o do direito de dirigir, cassa\u00e7\u00e3o da\u00a0CNH, pena decorrente de crime de tr\u00e2nsito, bem como n\u00e3o estar impedido\u00a0judicialmente de exercer seus direitos.<\/li>\n<\/ul>\n<p>\u00a0<strong style=\"color: var( --e-global-color-text ); font-family: var( --e-global-typography-text-font-family ), Sans-serif; font-size: 0.875rem;\">DESCRI\u00c7\u00c3O DO CURSO<\/strong><\/p>\n<p><\/p>\n<p><\/p>\n<p>O Curso para Motoristas Profissionais no transporte de Produtos Perigosos tem como objetivo garantir a aquisi\u00e7\u00e3o de conhecimentos, a padroniza\u00e7\u00e3o de a\u00e7\u00f5es e, consequentemente, atitudes de seguran\u00e7a no tr\u00e2nsito.<\/p>\n<p><strong>DURA\u00c7\u00c3O DO CURSO:<\/strong><\/p>\n<p>Curso de forma\u00e7\u00e3o: 50 horas\/aula<\/p>\n<p>Curso de Atualiza\u00e7\u00e3o: 16 horas\/aula: <span style=\"color: #333333; font-family: 'Helvetica Neue', Helvetica, Arial, sans-serif; font-size: 16.8px; font-weight: var( --e-global-typography-text-font-weight );\">A atualiza\u00e7\u00e3o \u00e9 um curso com carga hor\u00e1ria m\u00ednima de 16 horas aula para profissionais que j\u00e1 est\u00e3o habilitados no curso e precisam fazer a reciclagem das informa\u00e7\u00f5es. Os conte\u00fados abordados envolvem novidades na legisla\u00e7\u00e3o, a evolu\u00e7\u00e3o tecnol\u00f3gica e estudos de casos \u2013 relacionando a pr\u00e1tica com os fundamentos te\u00f3ricos destes cursos.<\/span><\/p>\n<p><\/p>\n<p><\/p>\n<p><strong>MAT\u00c9RIAS<\/strong><\/p>\n<p><\/p>\n<p><\/p>\n<ul class=\"wp-block-list\">\n<li>Legisla\u00e7\u00e3o, infra\u00e7\u00f5es e sinaliza\u00e7\u00e3o de tr\u00e2nsito.<\/li>\n<li>Legisla\u00e7\u00e3o especifica de\u00a0<strong>TPP<\/strong>.<\/li>\n<li>Dire\u00e7\u00e3o defensiva para ve\u00edculos pesados.<\/li>\n<li>Movimenta\u00e7\u00e3o de produtos perigosos.<\/li>\n<li>Preven\u00e7\u00e3o e combate a inc\u00eandios especifica de\u00a0<strong>TPP<\/strong>.<\/li>\n<li>Cidadania e Meio ambiente.<\/li>\n<li>Mec\u00e2nica B\u00e1sica<\/li>\n<li>Primeiros Socorros<\/li>\n<li>Demonstra\u00e7\u00e3o com experi\u00eancias qu\u00edmicas<\/li>\n<\/ul>\n<p><\/p>\n<p><\/p>\n<p><\/p>\t\t\t\t\t\t\t\t<\/div>\n\t\t\t\t<\/div>\n\t\t\t\t\t<\/div>\n\t\t<\/div>\n\t\t\t\t\t<\/div>\n\t\t<\/section>\n\t\t\t\t<section class=\"elementor-section elementor-top-section elementor-element elementor-element-8e43be4 elementor-section-boxed elementor-section-height-default elementor-section-height-default\" data-id=\"8e43be4\" data-element_type=\"section\" data-e-type=\"section\">\n\t\t\t\t\t\t<div class=\"elementor-container elementor-column-gap-default\">\n\t\t\t\t\t<div class=\"elementor-column elementor-col-100 elementor-top-column elementor-element elementor-element-d4dd07c\" data-id=\"d4dd07c\" data-element_type=\"column\" data-e-type=\"column\">\n\t\t\t<div class=\"elementor-widget-wrap elementor-element-populated\">\n\t\t\t\t\t\t<div class=\"elementor-element elementor-element-27bf7af elementor-widget elementor-widget-image\" data-id=\"27bf7af\" data-element_type=\"widget\" data-e-type=\"widget\" data-widget_type=\"image.default\">\n\t\t\t\t<div class=\"elementor-widget-container\">\n\t\t\t\t\t\t\t\t\t\t\t\t\t\t\t\t<a href=\"http:\/\/www.crtprotransito.com.br\/?page_id=90\">\n\t\t\t\t\t\t\t<img decoding=\"async\" width=\"300\" height=\"76\" src=\"https:\/\/www.crtprotransito.com.br\/wp-content\/uploads\/2018\/09\/icone-pr\u00e9-matr\u00edcula-300x76.jpg\" class=\"attachment-medium size-medium wp-image-154\" alt=\"\" srcset=\"https:\/\/www.crtprotransito.com.br\/wp-content\/uploads\/2018\/09\/icone-pr\u00e9-matr\u00edcula-300x76.jpg 300w, https:\/\/www.crtprotransito.com.br\/wp-content\/uploads\/2018\/09\/icone-pr\u00e9-matr\u00edcula.jpg 668w\" sizes=\"(max-width: 300px) 100vw, 300px\" \/>\t\t\t\t\t\t\t\t<\/a>\n\t\t\t\t\t\t\t\t\t\t\t\t\t\t\t<\/div>\n\t\t\t\t<\/div>\n\t\t\t\t\t<\/div>\n\t\t<\/div>\n\t\t\t\t\t<\/div>\n\t\t<\/section>\n\t\t\t\t<\/div>\n\t\t","protected":false},"excerpt":{"rendered":"<p>CURSO DE TRANPORTE DE PRODUTOS PERIGOSOS PR\u00c9-REQUITOS Ser maior que 21 anos; Estar habilitado em uma das categorias B, C, D e E; N\u00e3o estar cumprindo pena de suspens\u00e3o do &#8230;<\/p>\n","protected":false},"author":1,"featured_media":0,"parent":0,"menu_order":0,"comment_status":"closed","ping_status":"closed","template":"","meta":{"_joinchat":[],"footnotes":""},"class_list":["post-612","page","type-page","status-publish","hentry"],"_links":{"self":[{"href":"https:\/\/www.crtprotransito.com.br\/index.php?rest_route=\/wp\/v2\/pages\/612","targetHints":{"allow":["GET"]}}],"collection":[{"href":"https:\/\/www.crtprotransito.com.br\/index.php?rest_route=\/wp\/v2\/pages"}],"about":[{"href":"https:\/\/www.crtprotransito.com.br\/index.php?rest_route=\/wp\/v2\/types\/page"}],"author":[{"embeddable":true,"href":"https:\/\/www.crtprotransito.com.br\/index.php?rest_route=\/wp\/v2\/users\/1"}],"replies":[{"embeddable":true,"href":"https:\/\/www.crtprotransito.com.br\/index.php?rest_route=%2Fwp%2Fv2%2Fcomments&post=612"}],"version-history":[{"count":22,"href":"https:\/\/www.crtprotransito.com.br\/index.php?rest_route=\/wp\/v2\/pages\/612\/revisions"}],"predecessor-version":[{"id":841,"href":"https:\/\/www.crtprotransito.com.br\/index.php?rest_route=\/wp\/v2\/pages\/612\/revisions\/841"}],"wp:attachment":[{"href":"https:\/\/www.crtprotransito.com.br\/index.php?rest_route=%2Fwp%2Fv2%2Fmedia&parent=612"}],"curies":[{"name":"wp","href":"https:\/\/api.w.org\/{rel}","templated":true}]}}