{"id":728,"date":"2021-02-24T16:06:13","date_gmt":"2021-02-24T16:06:13","guid":{"rendered":"http:\/\/www.crtprotransito.com.br\/?page_id=728"},"modified":"2021-02-24T16:56:48","modified_gmt":"2021-02-24T16:56:48","slug":"curso-emergencia","status":"publish","type":"page","link":"https:\/\/www.crtprotransito.com.br\/?page_id=728","title":{"rendered":"Curso Emerg\u00eancia"},"content":{"rendered":"\t\t<div data-elementor-type=\"wp-page\" data-elementor-id=\"728\" class=\"elementor elementor-728\">\n\t\t\t\t\t\t<section class=\"elementor-section elementor-top-section elementor-element elementor-element-0503c94 elementor-section-boxed elementor-section-height-default elementor-section-height-default\" data-id=\"0503c94\" data-element_type=\"section\" data-e-type=\"section\">\n\t\t\t\t\t\t<div class=\"elementor-container elementor-column-gap-default\">\n\t\t\t\t\t<div class=\"elementor-column elementor-col-100 elementor-top-column elementor-element elementor-element-bd6d867\" data-id=\"bd6d867\" data-element_type=\"column\" data-e-type=\"column\">\n\t\t\t<div class=\"elementor-widget-wrap elementor-element-populated\">\n\t\t\t\t\t\t<div class=\"elementor-element elementor-element-e611bcb elementor-widget elementor-widget-text-editor\" data-id=\"e611bcb\" data-element_type=\"widget\" data-e-type=\"widget\" data-widget_type=\"text-editor.default\">\n\t\t\t\t<div class=\"elementor-widget-container\">\n\t\t\t\t\t\t\t\t\t<p><strong>CURSO PARA CONDUTORES DE VE\u00cdCULOS DE EMERG\u00caNCIA<\/strong><\/p><p><strong>SOBRE O CURSO:<\/strong><\/p><p>Conforme estabelecido na Resolu\u00e7\u00e3o 789\/20 do CONTRAN, o curso de condutor de transporte de emerg\u00eancia objetiva habilitar motoristas profissionais na dire\u00e7\u00e3o segura de ve\u00edculos de emerg\u00eancia e ambul\u00e2ncias. Al\u00e9m de obrigat\u00f3rio, o curso trar\u00e1 informa\u00e7\u00f5es imprescind\u00edveis para os novos motoristas.<\/p><p>Conhe\u00e7a toda a legisla\u00e7\u00e3o e complexidade relacionadas ao profissional que ir\u00e1 atuar como condutor especializado, que exige alto conhecimento t\u00e9cnico e instru\u00e7\u00e3o sobre dire\u00e7\u00e3o e legisla\u00e7\u00e3o do tr\u00e2nsito.<\/p><ul><li><b>Carga hor\u00e1ria<br \/><\/b><strong>Curso de Forma\u00e7\u00e3o: <\/strong>50 horas-aula<\/li><li><strong>Curso de Atualiza\u00e7\u00e3o: <\/strong>16 horas\/aula<\/li><\/ul><p><strong>Requisitos para matr\u00edcula:<\/strong><\/p><ul><li>Ser maior de 21 anos;<\/li><li>Estar habilitado em uma das categorias A, B, C, D ou E;<\/li><li>N\u00e3o estar cumprindo pena de suspens\u00e3o do direito de dirigir, cassa\u00e7\u00e3o da CNH, pena decorrente de crime de tr\u00e2nsito, bem como n\u00e3o estar impedido judicialmente de exercer seus direitos.<\/li><\/ul><p><strong>CONTE\u00daDO PROGRAM\u00c1TICO:<\/strong><\/p><ul><li>Dire\u00e7\u00e3o Defensiva<\/li><li>Primeiros Socorros<\/li><li>Meio Ambiente e Cidadania<\/li><li>Legisla\u00e7\u00e3o de Tr\u00e2nsito<\/li><li>Relacionamento Interpessoal<\/li><\/ul><p style=\"text-align: center;\"><a href=\"http:\/\/www.crtprotransito.com.br\/?page_id=90\"><img decoding=\"async\" class=\"alignnone wp-image-154 size-medium\" src=\"http:\/\/www.crtprotransito.com.br\/wp-content\/uploads\/2018\/09\/icone-pr\u00e9-matr\u00edcula-300x76.jpg\" alt=\"\" width=\"300\" height=\"76\" srcset=\"https:\/\/www.crtprotransito.com.br\/wp-content\/uploads\/2018\/09\/icone-pr\u00e9-matr\u00edcula-300x76.jpg 300w, https:\/\/www.crtprotransito.com.br\/wp-content\/uploads\/2018\/09\/icone-pr\u00e9-matr\u00edcula.jpg 668w\" sizes=\"(max-width: 300px) 100vw, 300px\" \/><\/a><\/p>\t\t\t\t\t\t\t\t<\/div>\n\t\t\t\t<\/div>\n\t\t\t\t\t<\/div>\n\t\t<\/div>\n\t\t\t\t\t<\/div>\n\t\t<\/section>\n\t\t\t\t<\/div>\n\t\t","protected":false},"excerpt":{"rendered":"<p>CURSO PARA CONDUTORES DE VE\u00cdCULOS DE EMERG\u00caNCIA SOBRE O CURSO: Conforme estabelecido na Resolu\u00e7\u00e3o 789\/20 do CONTRAN, o curso de condutor de transporte de emerg\u00eancia objetiva habilitar motoristas profissionais na &#8230;<\/p>\n","protected":false},"author":1,"featured_media":0,"parent":0,"menu_order":0,"comment_status":"closed","ping_status":"closed","template":"","meta":{"_joinchat":[],"footnotes":""},"class_list":["post-728","page","type-page","status-publish","hentry"],"_links":{"self":[{"href":"https:\/\/www.crtprotransito.com.br\/index.php?rest_route=\/wp\/v2\/pages\/728","targetHints":{"allow":["GET"]}}],"collection":[{"href":"https:\/\/www.crtprotransito.com.br\/index.php?rest_route=\/wp\/v2\/pages"}],"about":[{"href":"https:\/\/www.crtprotransito.com.br\/index.php?rest_route=\/wp\/v2\/types\/page"}],"author":[{"embeddable":true,"href":"https:\/\/www.crtprotransito.com.br\/index.php?rest_route=\/wp\/v2\/users\/1"}],"replies":[{"embeddable":true,"href":"https:\/\/www.crtprotransito.com.br\/index.php?rest_route=%2Fwp%2Fv2%2Fcomments&post=728"}],"version-history":[{"count":16,"href":"https:\/\/www.crtprotransito.com.br\/index.php?rest_route=\/wp\/v2\/pages\/728\/revisions"}],"predecessor-version":[{"id":799,"href":"https:\/\/www.crtprotransito.com.br\/index.php?rest_route=\/wp\/v2\/pages\/728\/revisions\/799"}],"wp:attachment":[{"href":"https:\/\/www.crtprotransito.com.br\/index.php?rest_route=%2Fwp%2Fv2%2Fmedia&parent=728"}],"curies":[{"name":"wp","href":"https:\/\/api.w.org\/{rel}","templated":true}]}}