{"id":737,"date":"2021-02-24T16:24:55","date_gmt":"2021-02-24T16:24:55","guid":{"rendered":"http:\/\/www.crtprotransito.com.br\/?page_id=737"},"modified":"2021-02-24T17:06:28","modified_gmt":"2021-02-24T17:06:28","slug":"curso-escolar","status":"publish","type":"page","link":"https:\/\/www.crtprotransito.com.br\/?page_id=737","title":{"rendered":"Curso Escolar"},"content":{"rendered":"\t\t<div data-elementor-type=\"wp-page\" data-elementor-id=\"737\" class=\"elementor elementor-737\">\n\t\t\t\t\t\t<section class=\"elementor-section elementor-top-section elementor-element elementor-element-420d633 elementor-section-boxed elementor-section-height-default elementor-section-height-default\" data-id=\"420d633\" data-element_type=\"section\" data-e-type=\"section\">\n\t\t\t\t\t\t<div class=\"elementor-container elementor-column-gap-default\">\n\t\t\t\t\t<div class=\"elementor-column elementor-col-100 elementor-top-column elementor-element elementor-element-09a7f27\" data-id=\"09a7f27\" data-element_type=\"column\" data-e-type=\"column\">\n\t\t\t<div class=\"elementor-widget-wrap elementor-element-populated\">\n\t\t\t\t\t\t<div class=\"elementor-element elementor-element-aaf41fc elementor-widget elementor-widget-text-editor\" data-id=\"aaf41fc\" data-element_type=\"widget\" data-e-type=\"widget\" data-widget_type=\"text-editor.default\">\n\t\t\t\t<div class=\"elementor-widget-container\">\n\t\t\t\t\t\t\t\t\t<p><strong>CURSO PARA CONDUTORES DE VE\u00cdCULOS ESCOLARES<\/strong><\/p><p><strong>SOBRE O CURSO:<\/strong><\/p><p>Conforme estabelecido na Resolu\u00e7\u00e3o 789\/20 do CONTRAN, a atividade do motorista profissional especializado no transporte escolar exige grande responsabilidade. Afinal, esses condutores transportam crian\u00e7as e por isso, precisam de cuidado e aten\u00e7\u00e3o especial. Em nosso curso, todo conte\u00fado e conhecimento t\u00e9cnico dar\u00e1 aos alunos condi\u00e7\u00f5es de agir de maneira assertiva e competente na condu\u00e7\u00e3o do ve\u00edculo escolar.<\/p><ul><li><b>Carga hor\u00e1ria<br \/><\/b><strong>Curso de Forma\u00e7\u00e3o: <\/strong>50 horas-aula<\/li><li><strong>Curso de Atualiza\u00e7\u00e3o: <\/strong>16 horas\/aula<\/li><\/ul><p><strong>Requisitos para matr\u00edcula:<\/strong><\/p><ul><li>Ser maior de 21 anos;<\/li><li>Estar habilitado em uma das categorias D ou E;\u00a0<\/li><li>N\u00e3o estar cumprindo pena de suspens\u00e3o do direito de dirigir, cassa\u00e7\u00e3o da CNH, pena decorrente de crime de tr\u00e2nsito, bem como n\u00e3o estar impedido judicialmente de exercer seus direitos.<\/li><\/ul><p><strong>CONTE\u00daDO PROGRAM\u00c1TICO:<\/strong><\/p><ul><li>Dire\u00e7\u00e3o Defensiva<\/li><li>Primeiros Socorros<\/li><li>Meio Ambiente e Cidadania<\/li><li>Legisla\u00e7\u00e3o de Tr\u00e2nsito<\/li><li>Relacionamento Interpessoal<\/li><\/ul><p style=\"text-align: center;\"><a href=\"http:\/\/www.crtprotransito.com.br\/?page_id=90\"><img decoding=\"async\" class=\"alignnone wp-image-154 size-medium\" src=\"http:\/\/www.crtprotransito.com.br\/wp-content\/uploads\/2018\/09\/icone-pr\u00e9-matr\u00edcula-300x76.jpg\" alt=\"\" width=\"300\" height=\"76\" srcset=\"https:\/\/www.crtprotransito.com.br\/wp-content\/uploads\/2018\/09\/icone-pr\u00e9-matr\u00edcula-300x76.jpg 300w, https:\/\/www.crtprotransito.com.br\/wp-content\/uploads\/2018\/09\/icone-pr\u00e9-matr\u00edcula.jpg 668w\" sizes=\"(max-width: 300px) 100vw, 300px\" \/><\/a><\/p>\t\t\t\t\t\t\t\t<\/div>\n\t\t\t\t<\/div>\n\t\t\t\t\t<\/div>\n\t\t<\/div>\n\t\t\t\t\t<\/div>\n\t\t<\/section>\n\t\t\t\t<\/div>\n\t\t","protected":false},"excerpt":{"rendered":"<p>CURSO PARA CONDUTORES DE VE\u00cdCULOS ESCOLARES SOBRE O CURSO: Conforme estabelecido na Resolu\u00e7\u00e3o 789\/20 do CONTRAN, a atividade do motorista profissional especializado no transporte escolar exige grande responsabilidade. Afinal, esses &#8230;<\/p>\n","protected":false},"author":1,"featured_media":0,"parent":0,"menu_order":0,"comment_status":"closed","ping_status":"closed","template":"","meta":{"_joinchat":[],"footnotes":""},"class_list":["post-737","page","type-page","status-publish","hentry"],"_links":{"self":[{"href":"https:\/\/www.crtprotransito.com.br\/index.php?rest_route=\/wp\/v2\/pages\/737","targetHints":{"allow":["GET"]}}],"collection":[{"href":"https:\/\/www.crtprotransito.com.br\/index.php?rest_route=\/wp\/v2\/pages"}],"about":[{"href":"https:\/\/www.crtprotransito.com.br\/index.php?rest_route=\/wp\/v2\/types\/page"}],"author":[{"embeddable":true,"href":"https:\/\/www.crtprotransito.com.br\/index.php?rest_route=\/wp\/v2\/users\/1"}],"replies":[{"embeddable":true,"href":"https:\/\/www.crtprotransito.com.br\/index.php?rest_route=%2Fwp%2Fv2%2Fcomments&post=737"}],"version-history":[{"count":10,"href":"https:\/\/www.crtprotransito.com.br\/index.php?rest_route=\/wp\/v2\/pages\/737\/revisions"}],"predecessor-version":[{"id":808,"href":"https:\/\/www.crtprotransito.com.br\/index.php?rest_route=\/wp\/v2\/pages\/737\/revisions\/808"}],"wp:attachment":[{"href":"https:\/\/www.crtprotransito.com.br\/index.php?rest_route=%2Fwp%2Fv2%2Fmedia&parent=737"}],"curies":[{"name":"wp","href":"https:\/\/api.w.org\/{rel}","templated":true}]}}