{"id":749,"date":"2021-02-24T16:30:16","date_gmt":"2021-02-24T16:30:16","guid":{"rendered":"http:\/\/www.crtprotransito.com.br\/?page_id=749"},"modified":"2021-02-24T16:59:51","modified_gmt":"2021-02-24T16:59:51","slug":"curso-cargas-indivisiveis","status":"publish","type":"page","link":"https:\/\/www.crtprotransito.com.br\/?page_id=749","title":{"rendered":"Curso Cargas Indivis\u00edveis"},"content":{"rendered":"\t\t<div data-elementor-type=\"wp-page\" data-elementor-id=\"749\" class=\"elementor elementor-749\">\n\t\t\t\t\t\t<section class=\"elementor-section elementor-top-section elementor-element elementor-element-a2c49b5 elementor-section-boxed elementor-section-height-default elementor-section-height-default\" data-id=\"a2c49b5\" data-element_type=\"section\" data-e-type=\"section\">\n\t\t\t\t\t\t<div class=\"elementor-container elementor-column-gap-default\">\n\t\t\t\t\t<div class=\"elementor-column elementor-col-100 elementor-top-column elementor-element elementor-element-bc69666\" data-id=\"bc69666\" data-element_type=\"column\" data-e-type=\"column\">\n\t\t\t<div class=\"elementor-widget-wrap elementor-element-populated\">\n\t\t\t\t\t\t<div class=\"elementor-element elementor-element-bf6a6b4 elementor-widget elementor-widget-text-editor\" data-id=\"bf6a6b4\" data-element_type=\"widget\" data-e-type=\"widget\" data-widget_type=\"text-editor.default\">\n\t\t\t\t<div class=\"elementor-widget-container\">\n\t\t\t\t\t\t\t\t\t<p><strong>CURSO PARA CONDUTORES DE VE\u00cdCULOS COM CARGAS INDIVIS\u00cdVEIS<\/strong><\/p>\n<p><strong>SOBRE O CURSO:<\/strong><\/p>\n<p>Conforme estabelecido na Resolu\u00e7\u00e3o 789\/20 do CONTRAN, o curso para motorista especializado de carga indivis\u00edvel \u00e9 voltado para condutores de ve\u00edculos que, em fun\u00e7\u00e3o da altura, largura ou cumprimento da carga transportada, sejam obrigados a portar a AET (Autoriza\u00e7\u00e3o Especial de Tr\u00e2nsito) para trafegar em vias p\u00fablicas. \u00c9 tamb\u00e9m destinado para condutores de cargas que possuam alguma resolu\u00e7\u00e3o especificada pelo CONTRAN.<\/p>\n<p>Destina-se a motoristas que desejam atuar profissionalmente no transporte de de ve\u00edculos que, em fun\u00e7\u00e3o da altura, largura ou cumprimento da carga transportada, sejam obrigados a portar a AET (Autoriza\u00e7\u00e3o Especial de Tr\u00e2nsito) para trafegar em vias p\u00fablicas.<\/p>\n<p>Conhe\u00e7a toda a legisla\u00e7\u00e3o e complexidade relacionadas ao profissional que ir\u00e1 atuar como condutor especializado, que exige alto conhecimento t\u00e9cnico e instru\u00e7\u00e3o sobre dire\u00e7\u00e3o e legisla\u00e7\u00e3o do tr\u00e2nsito.<\/p>\n<ul>\n<li><b>Carga hor\u00e1ria<br><\/b><strong>Curso de Forma\u00e7\u00e3o: <\/strong>50 horas-aula<\/li>\n<li><strong>Curso de Atualiza\u00e7\u00e3o: <\/strong>16 horas\/aula<\/li>\n<\/ul>\n<p><strong>Requisitos para matr\u00edcula:<\/strong><\/p>\n<ul>\n<li>Ser maior de 21 anos;<\/li>\n<li>Estar habilitado em uma das categorias A, B, C, D ou E;<\/li>\n<li>N\u00e3o estar cumprindo pena de suspens\u00e3o do direito de dirigir, cassa\u00e7\u00e3o da CNH, pena decorrente de crime de tr\u00e2nsito, bem como n\u00e3o estar impedido judicialmente de exercer seus direitos.<\/li>\n<\/ul>\n<p><strong>CONTE\u00daDO PROGRAM\u00c1TICO:<\/strong><\/p>\n<ul>\n<li>\n<div class=\"col-xs-12 col-sm-10 col-sm-offset-1 col-md-10 col-md-offset-1 col-lg-10 col-lg-offset-1 padding_top_50\"><span class=\"fonte_muito_grande\">Dire\u00e7\u00e3o Defensiva<\/span><\/div>\n<\/li>\n<li>\n<div class=\"col-xs-12 col-sm-10 col-sm-offset-1 col-md-10 col-md-offset-1 col-lg-10 col-lg-offset-1 padding_top_50\"><span class=\"fonte_muito_grande\">Primeiros Socorros<\/span><\/div>\n<\/li>\n<li>\n<div class=\"col-xs-12 col-sm-10 col-sm-offset-1 col-md-10 col-md-offset-1 col-lg-10 col-lg-offset-1 padding_top_50\"><span class=\"fonte_muito_grande\">Meio Ambiente e Cidadania<\/span><\/div>\n<\/li>\n<li>\n<div class=\"col-xs-12 col-sm-10 col-sm-offset-1 col-md-10 col-md-offset-1 col-lg-10 col-lg-offset-1 padding_top_50\"><span class=\"fonte_muito_grande\">Legisla\u00e7\u00e3o de Tr\u00e2nsito<\/span><\/div>\n<\/li>\n<li>\n<div class=\"col-xs-12 col-sm-10 col-sm-offset-1 col-md-10 col-md-offset-1 col-lg-10 col-lg-offset-1 padding_top_50\"><span class=\"fonte_muito_grande\">Transporte de Cargas Indivis\u00edveis.<\/span><\/div>\n<div class=\"col-xs-12 col-sm-10 col-sm-offset-1 col-md-10 col-md-offset-1 col-lg-10 col-lg-offset-1 padding_top_50 \">&nbsp;<\/div>\n<\/li>\n<\/ul>\n<p style=\"text-align: center;\"><a href=\"http:\/\/www.crtprotransito.com.br\/?page_id=90\"><img decoding=\"async\" src=\"http:\/\/www.crtprotransito.com.br\/wp-content\/uploads\/2018\/09\/icone-pr\u00e9-matr\u00edcula-300x76.jpg\" alt=\"\" width=\"300\" height=\"76\"><\/a><\/p>\t\t\t\t\t\t\t\t<\/div>\n\t\t\t\t<\/div>\n\t\t\t\t\t<\/div>\n\t\t<\/div>\n\t\t\t\t\t<\/div>\n\t\t<\/section>\n\t\t\t\t<\/div>\n\t\t","protected":false},"excerpt":{"rendered":"<p>CURSO PARA CONDUTORES DE VE\u00cdCULOS COM CARGAS INDIVIS\u00cdVEIS SOBRE O CURSO: Conforme estabelecido na Resolu\u00e7\u00e3o 789\/20 do CONTRAN, o curso para motorista especializado de carga indivis\u00edvel \u00e9 voltado para condutores &#8230;<\/p>\n","protected":false},"author":1,"featured_media":0,"parent":0,"menu_order":0,"comment_status":"closed","ping_status":"closed","template":"","meta":{"_joinchat":[],"footnotes":""},"class_list":["post-749","page","type-page","status-publish","hentry"],"_links":{"self":[{"href":"https:\/\/www.crtprotransito.com.br\/index.php?rest_route=\/wp\/v2\/pages\/749","targetHints":{"allow":["GET"]}}],"collection":[{"href":"https:\/\/www.crtprotransito.com.br\/index.php?rest_route=\/wp\/v2\/pages"}],"about":[{"href":"https:\/\/www.crtprotransito.com.br\/index.php?rest_route=\/wp\/v2\/types\/page"}],"author":[{"embeddable":true,"href":"https:\/\/www.crtprotransito.com.br\/index.php?rest_route=\/wp\/v2\/users\/1"}],"replies":[{"embeddable":true,"href":"https:\/\/www.crtprotransito.com.br\/index.php?rest_route=%2Fwp%2Fv2%2Fcomments&post=749"}],"version-history":[{"count":19,"href":"https:\/\/www.crtprotransito.com.br\/index.php?rest_route=\/wp\/v2\/pages\/749\/revisions"}],"predecessor-version":[{"id":802,"href":"https:\/\/www.crtprotransito.com.br\/index.php?rest_route=\/wp\/v2\/pages\/749\/revisions\/802"}],"wp:attachment":[{"href":"https:\/\/www.crtprotransito.com.br\/index.php?rest_route=%2Fwp%2Fv2%2Fmedia&parent=749"}],"curies":[{"name":"wp","href":"https:\/\/api.w.org\/{rel}","templated":true}]}}