{"id":815,"date":"2021-02-24T17:14:23","date_gmt":"2021-02-24T17:14:23","guid":{"rendered":"http:\/\/www.crtprotransito.com.br\/?page_id=815"},"modified":"2021-02-24T17:17:11","modified_gmt":"2021-02-24T17:17:11","slug":"curso-mototaxi","status":"publish","type":"page","link":"https:\/\/www.crtprotransito.com.br\/?page_id=815","title":{"rendered":"Curso Mototaxi"},"content":{"rendered":"\t\t<div data-elementor-type=\"wp-page\" data-elementor-id=\"815\" class=\"elementor elementor-815\">\n\t\t\t\t\t\t<section class=\"elementor-section elementor-top-section elementor-element elementor-element-b528d4b elementor-section-boxed elementor-section-height-default elementor-section-height-default\" data-id=\"b528d4b\" data-element_type=\"section\" data-e-type=\"section\">\n\t\t\t\t\t\t<div class=\"elementor-container elementor-column-gap-default\">\n\t\t\t\t\t<div class=\"elementor-column elementor-col-100 elementor-top-column elementor-element elementor-element-76f53c3\" data-id=\"76f53c3\" data-element_type=\"column\" data-e-type=\"column\">\n\t\t\t<div class=\"elementor-widget-wrap elementor-element-populated\">\n\t\t\t\t\t\t<div class=\"elementor-element elementor-element-dc6d1c3 elementor-widget elementor-widget-text-editor\" data-id=\"dc6d1c3\" data-element_type=\"widget\" data-e-type=\"widget\" data-widget_type=\"text-editor.default\">\n\t\t\t\t<div class=\"elementor-widget-container\">\n\t\t\t\t\t\t\t\t\t<p><strong>CURSO MOTOTAXI<\/strong><\/p><p>O curso tem como objetivo capacitar o motociclista a pilotar de modo profissional e seguro transportando um passageiro. Atrav\u00e9s de um m\u00e9todo din\u00e2mico e objetivo, o curso aborda todo o conte\u00fado necess\u00e1rio para a boa pr\u00e1tica da profiss\u00e3o de mototaxista, tanto no aspecto da legisla\u00e7\u00e3o que regulamenta o setor, quanto nos conhecimentos da pilotagem defensiva. Al\u00e9m disso, o curso tem conte\u00fado pr\u00e1tico para aprendizagem de t\u00e9cnicas de postura e preven\u00e7\u00e3o de acidentes.<\/p><p>Al\u00e9m disso, o curso tem conte\u00fado pr\u00e1tico para aprendizagem de t\u00e9cnicas de postura e preven\u00e7\u00e3o de acidentes, adequa\u00e7\u00e3o dos equipamentos de seguran\u00e7a e acondicionamento das cargas.<\/p><ul><li><b>Carga hor\u00e1ria<br \/><\/b><strong>Curso de Forma\u00e7\u00e3o: 3<\/strong>0 horas-aula<\/li><li><strong>Curso de Atualiza\u00e7\u00e3o:<\/strong> 10 horas\/aula<\/li><\/ul><p><strong>Requisitos para matr\u00edcula:<\/strong><\/p><ul><li>Ser maior de 21 anos;<\/li><li>Estar habilitado no m\u00ednimo h\u00e1 02 (dois) anos;;\u00a0<\/li><\/ul><p><strong>CONTE\u00daDO PROGRAM\u00c1TICO:<\/strong><\/p><ul><li><div class=\"col-xs-12 col-sm-10 col-sm-offset-1 col-md-10 col-md-offset-1 col-lg-10 col-lg-offset-1 padding_top_50\"><span class=\"fonte_muito_grande\">\u00c9tica e cidadania na atividade profissional<\/span><\/div><\/li><li><div class=\"col-xs-12 col-sm-10 col-sm-offset-1 col-md-10 col-md-offset-1 col-lg-10 col-lg-offset-1 padding_top_50\"><span class=\"fonte_muito_grande\">No\u00e7\u00f5es b\u00e1sicas de legisla\u00e7\u00e3o<\/span><\/div><\/li><li><div class=\"col-xs-12 col-sm-10 col-sm-offset-1 col-md-10 col-md-offset-1 col-lg-10 col-lg-offset-1 padding_top_50\"><span class=\"fonte_muito_grande\">Gest\u00e3o do risco sobre duas rodas<\/span><\/div><\/li><li><div class=\"col-xs-12 col-sm-10 col-sm-offset-1 col-md-10 col-md-offset-1 col-lg-10 col-lg-offset-1 padding_top_50\"><span class=\"fonte_muito_grande\">Seguran\u00e7a e sa\u00fade<\/span><\/div><\/li><li><div class=\"col-xs-12 col-sm-10 col-sm-offset-1 col-md-10 col-md-offset-1 col-lg-10 col-lg-offset-1 padding_top_50\"><span class=\"fonte_muito_grande\">Transporte de pessoas<\/span><\/div><\/li><li><div class=\"col-xs-12 col-sm-10 col-sm-offset-1 col-md-10 col-md-offset-1 col-lg-10 col-lg-offset-1 padding_top_50\"><span class=\"fonte_muito_grande\">Pr\u00e1tica de pilotagem profissional<\/span><\/div><div class=\"col-xs-12 col-sm-10 col-sm-offset-1 col-md-10 col-md-offset-1 col-lg-10 col-lg-offset-1 padding_top_50 \">\u00a0<\/div><\/li><\/ul><p style=\"text-align: center;\"><a href=\"http:\/\/www.crtprotransito.com.br\/?page_id=90\"><img decoding=\"async\" class=\"alignnone wp-image-154 size-medium\" src=\"http:\/\/www.crtprotransito.com.br\/wp-content\/uploads\/2018\/09\/icone-pr\u00e9-matr\u00edcula-300x76.jpg\" alt=\"\" width=\"300\" height=\"76\" srcset=\"https:\/\/www.crtprotransito.com.br\/wp-content\/uploads\/2018\/09\/icone-pr\u00e9-matr\u00edcula-300x76.jpg 300w, https:\/\/www.crtprotransito.com.br\/wp-content\/uploads\/2018\/09\/icone-pr\u00e9-matr\u00edcula.jpg 668w\" sizes=\"(max-width: 300px) 100vw, 300px\" \/><\/a><\/p>\t\t\t\t\t\t\t\t<\/div>\n\t\t\t\t<\/div>\n\t\t\t\t\t<\/div>\n\t\t<\/div>\n\t\t\t\t\t<\/div>\n\t\t<\/section>\n\t\t\t\t<\/div>\n\t\t","protected":false},"excerpt":{"rendered":"<p>CURSO MOTOTAXI O curso tem como objetivo capacitar o motociclista a pilotar de modo profissional e seguro transportando um passageiro. Atrav\u00e9s de um m\u00e9todo din\u00e2mico e objetivo, o curso aborda &#8230;<\/p>\n","protected":false},"author":1,"featured_media":0,"parent":0,"menu_order":0,"comment_status":"closed","ping_status":"closed","template":"","meta":{"_joinchat":[],"footnotes":""},"class_list":["post-815","page","type-page","status-publish","hentry"],"_links":{"self":[{"href":"https:\/\/www.crtprotransito.com.br\/index.php?rest_route=\/wp\/v2\/pages\/815","targetHints":{"allow":["GET"]}}],"collection":[{"href":"https:\/\/www.crtprotransito.com.br\/index.php?rest_route=\/wp\/v2\/pages"}],"about":[{"href":"https:\/\/www.crtprotransito.com.br\/index.php?rest_route=\/wp\/v2\/types\/page"}],"author":[{"embeddable":true,"href":"https:\/\/www.crtprotransito.com.br\/index.php?rest_route=\/wp\/v2\/users\/1"}],"replies":[{"embeddable":true,"href":"https:\/\/www.crtprotransito.com.br\/index.php?rest_route=%2Fwp%2Fv2%2Fcomments&post=815"}],"version-history":[{"count":4,"href":"https:\/\/www.crtprotransito.com.br\/index.php?rest_route=\/wp\/v2\/pages\/815\/revisions"}],"predecessor-version":[{"id":820,"href":"https:\/\/www.crtprotransito.com.br\/index.php?rest_route=\/wp\/v2\/pages\/815\/revisions\/820"}],"wp:attachment":[{"href":"https:\/\/www.crtprotransito.com.br\/index.php?rest_route=%2Fwp%2Fv2%2Fmedia&parent=815"}],"curies":[{"name":"wp","href":"https:\/\/api.w.org\/{rel}","templated":true}]}}